{"id":89,"date":"2013-12-22T13:30:03","date_gmt":"2013-04-29T21:31:10","guid":{"rendered":"http:\/\/www.caritas-su.org.rs\/?page_id=89"},"modified":"2016-05-31T09:23:45","modified_gmt":"2016-05-31T07:23:45","slug":"prasenz","status":"publish","type":"page","link":"https:\/\/www.caritas-su.org.rs\/?page_id=89","title":{"rendered":"Pr\u00e4senz"},"content":{"rendered":"<p><strong>Bericht \u00fcber die Arbeit der Caritas im Jahre 2015<\/strong><\/p> <p>Im Jahre 2015 war die Caritas in folgenden Bereichen t\u00e4tig:<\/p> <ol> <li>Altenversorgung in Subotica,, Kanizsa, Kishegyes und Zenta<\/li> <li>T\u00e4tigkeit des Caritas Klubs \u2013 Versorgung der Obdachlosen<\/li> <li>Transport der Kranken und Alten<\/li> <li>Versorgung von Fl\u00fcchtlingen und Migranten<\/li> <li>Sprachunterricht<\/li> <li>Animierung der Caritas-Pfarrgruppen<\/li> <li>Umweltschutz<\/li> <li>Kamp gegen Armut<\/li> <li>Verleihung von Krankenhausbetten, Rollwagen und anderen Hilfsmitteln<\/li> <li>Zuh\u00f6ren-Zentrum<\/li> <\/ol> <p><strong>1 \u00a0\u00a0\u00a0\u00a0\u00a0\u00a0 Altenversorgung<\/strong><\/p> <p>Zentrum der \u201eHausaushilfe und grundlegende Pflege\u201d ist in Subotica. Arbeitsgruppen sind noch in Kanizsa, Kishegyes und Zenta t\u00e4tig. Der Dienst ist seitens der Stadt und der Landesgemeinden finanziert.<\/p> <p>Die n\u00e4chsten Daten spiegeln die monatliche Arbeit<\/p> <p>Mitarbeiter\u00a0\u00a0\u00a0 Betreuten\u00a0\u00a0\u00a0\u00a0 Besuche\u00a0\u00a0\u00a0\u00a0\u00a0\u00a0 Dienstleistung<\/p> <p>Kanjiza\u00a0\u00a0\u00a0\u00a0\u00a0\u00a0\u00a0\u00a0 10\u00a0\u00a0\u00a0\u00a0\u00a0 \u00a0\u00a0\u00a0\u00a0\u00a0\u00a0\u00a0\u00a0\u00a0\u00a0177 \u00a0\u00a0\u00a0\u00a0\u00a0\u00a0\u00a0\u00a0\u00a0\u00a0\u00a0\u00a0\u00a0\u00a0\u00a0\u00a0885 \u00a0\u00a0\u00a0\u00a0\u00a0\u00a0\u00a0\u00a0\u00a0\u00a0\u00a0\u00a0\u00a0\u00a0\u00a0\u00a04680<\/p> <p>Mali Idjos\u00a0 \u00a0\u00a0\u00a0\u00a0\u00a03 \u00a0\u00a0\u00a0\u00a0\u00a0\u00a0\u00a0\u00a0\u00a0\u00a0\u00a0\u00a0\u00a0\u00a0\u00a0\u00a0\u00a060\u00a0\u00a0\u00a0\u00a0\u00a0\u00a0\u00a0\u00a0\u00a0\u00a0\u00a0\u00a0\u00a0\u00a0\u00a0\u00a0\u00a0 313\u00a0\u00a0\u00a0\u00a0 \u00a0\u00a0\u00a0\u00a0\u00a0\u00a0\u00a0\u00a0\u00a0\u00a0\u00a0\u00a0\u00a0973<\/p> <p>Senta\u00a0\u00a0\u00a0\u00a0\u00a0\u00a0 \u00a0\u00a0\u00a0\u00a0\u00a0\u00a04 \u00a0\u00a0\u00a0\u00a0\u00a0\u00a0\u00a0\u00a0\u00a0\u00a0\u00a0\u00a0\u00a0\u00a0\u00a0\u00a0\u00a076 \u00a0\u00a0\u00a0\u00a0\u00a0\u00a0\u00a0\u00a0\u00a0\u00a0\u00a0\u00a0\u00a0\u00a0\u00a0\u00a0\u00a0408 \u00a0\u00a0\u00a0\u00a0\u00a0\u00a0\u00a0\u00a0\u00a0\u00a0\u00a0\u00a0\u00a0\u00a0\u00a01135<\/p> <p>Subotica\u00a0 \u00a0\u00a0\u00a0\u00a0\u00a0\u00a08 \u00a0\u00a0\u00a0\u00a0\u00a0\u00a0\u00a0\u00a0\u00a0\u00a0\u00a0\u00a0\u00a0\u00a0\u00a0\u00a0220 \u00a0\u00a0\u00a0\u00a0\u00a0\u00a0\u00a0\u00a0\u00a0\u00a0\u00a0\u00a0\u00a0\u00a0\u00a0\u00a0709 \u00a0\u00a0\u00a0\u00a0\u00a0\u00a0\u00a0\u00a0\u00a0\u00a0\u00a0\u00a0\u00a0\u00a0\u00a0\u00a04282<\/p> <p><strong>2\u00a0\u00a0\u00a0\u00a0\u00a0\u00a0\u00a0 Caritas-Club<\/strong><\/p> <p>Der Caritas-Klub arbeitete seit Beginn des Jahres auf freiwilligem Basis, da wir keinen F\u00f6rderer f\u00fcr das Lohn der Mitarbeiter gefunden haben. Im Rahmen der gemeinn\u00fctzigen Besch\u00e4ftigungen konnten wir zwei Angestellten von 1. Juni bis 31. Oktober engagieren, so sind die T\u00e4tigkeiten bis Ende des Jahres organisierter verlaufen.<\/p> <p>Neben der regelm\u00e4\u00dfigen T\u00e4tigkeiten des Caritas-Klubs haben wir noch andere Aktivit\u00e4ten organisiert:<\/p> <p>Leiter der Freiwilligen, Frau Doktor T\u00fcnde B, hat w\u00f6chentlich Blutdruck und Blutzuckerwerte gemessen und medizinische Ratschl\u00e4ge den Klubmitglieder gegeben.<\/p> <p>Im Rahmen des Programms zum Tag der Senioren haben die Sch\u00fcler der Djuro Salaj Grundschule zur Freude der Senioren gesungen, rezitiert und getanzt. Der Caritas-Chor hat auch an dem Programm teilgenommen. Nach der Produktion gab es ein bescheidenes Agape.<\/p> <p>Zu Weihnachten sind Kinder aus Ludas, der Frauenchor und Tanzgruppe des Kulturvereins aus Ludas in ungarischer Sprache aufgetreten. In kroatischer Sprache haben die Kinder des Religionsunterrichts aus Stadtteil Sandor eine Szene vorgef\u00fchrt, die den Grundwert der Weihnachten erleuchtete.<\/p> <p>Die Weihnachtsp\u00e4ckchen, die aus Donationen der Unternehmern aus Subotica gekauft wurden, hat der Weihnachtsmann an 70 Kinder verteilt. Dieses Programm hat die Stadtsregierung im Caritas-Klub organisiert.<\/p> <p>Die Rentner der Stadtgemeinde und die Frauenorganisation (Frauen-Forum) organisieren monatlich B\u00e4lle f\u00fcr Senioren.<\/p> <p>Jede zweite Woche organisieren wir Ausfl\u00fcge zu Heilb\u00e4dern in Kanizsa oder Jankovic.<\/p> <p>Dr. L\u00f3r\u00e1nt Magyar, Facharzt f\u00fcr Mentalhygiene, hatte w\u00f6chentlich Gruppentreffen organisiert und Konsultationen gehalten. G\u00e9za Kov\u00e1cs hatte jede zweite Woche hagioterapeutische Treffen organisiert.<\/p> <p>Am 31.Dezember 2014 begann das \u201eZufluchtsort f\u00fcr Obdachlosen\u201d im Caritas-Klub \u00a0und dauerte bis 31.Januar 2015 und dann nochmals von 6. bis 18. Februar. Das Programm wurde von der Stadt Subotica finanziert und vom Roten Kreuz organisiert. Im Durchschnitt nahmen 16-20 Personen die Unterkunft, die t\u00e4glichen drei Mahlzeiten, die M\u00f6glichkeit des Badens und Waschens und die medizinische Versorgung in Anspruch. Das Soziale Zentrum entschied dar\u00fcber wer im Klub Zuflucht finden darf. Volont\u00e4re der Caritas Subotica gaben die Wache jede Nacht.<\/p> <p><strong>3\u00a0 \u00a0\u00a0\u00a0\u00a0\u00a0 Transport der Alten und Kranken<\/strong><\/p> <p>Einer unseren Mitarbeitern transportiert die Alten und Kranken mit einem PKW oder Kombi. Die Bed\u00fcrftigen werden zum Arzt, Rehabilitation, Zahnarzt oder in verschiedene \u00c4mter transportiert. Wir haben die Senioren auch ins Caritas-Klub zu unseren Programmen oder in die Kirche gefahren. Wir haben w\u00f6chentlich ca. 10-14 Fahrten, hin und zur\u00fcck geleistet. Dies wurde von Caritas Linz gef\u00f6rdert.<\/p> <p><strong>4\u00a0 \u00a0\u00a0\u00a0\u00a0\u00a0 F\u00f6rderung der Fl\u00fcchtlinge und Migranten<\/strong><\/p> <p>Im Rahmen des Landesprojekts begann das Program f\u00fcr F\u00f6rderung der Fl\u00fcchtlinge und Migranten. Dies wurde von drei Donatoren unterst\u00fctzt:<\/p> <p>Als erster hat CRS- der Liebesdienst der amerikanischen Bischofskonferenz ein Montagegeb\u00e4ude von 80 m2 gemietet, das im Hof der Polizei in Kanizsa aufgestellt wurde. In einem Teil des Geb\u00e4udes gibt es zwei Zimmer mit 8 Betten, 3 Duschen und 3 Toiletten, hier wurden Frauen und Kinder untergebracht. In anderem Teil gibt es 6 Duschen und 6 Toiletten, die von M\u00e4nnern genutzt werden konnten. F\u00fcr das Aufr\u00e4umen und Putzen der R\u00e4umen hat Caritas Subotica zwei Personen engagiert, und CRS hat sie bezahlt.<\/p> <p>Der zweite Donator die Deutsche Regierung war, und der dritte der Deutsche Caritasverband, die die Versorgung der Fl\u00fcchtlinge auf dem Gebiet der Stadt Subotica (an der Ziegelfabrikgel\u00e4nde), in Kanizsa (in dem vor\u00fcbergehenden Fl\u00fcchtlingskamp) und in Horgos (bei der Grenze mit Ungarn) finanzierten. Nach Sid (bei der Grenze mit Kroatien) ist zwei Mal pro Woche ein dreik\u00f6pfiger Team gefahren, um dort medizinische Hilfe zu leisten. Im ca. dreimonatigen Zeitraum wurden 4254 Lebensmittelpakete, 310 Hygienepakete f\u00fcr Frauen und 201 Baby-Pakete, sowie 80 Regenm\u00e4ntel verteilt<\/p> <p><strong>5 \u00a0\u00a0\u00a0\u00a0\u00a0\u00a0 Sprachkurse<\/strong><\/p> <p>Dank des gewonnenen Projekts des ungarischen Ministeriums f\u00fcr Human Ressource, organisierte die Caritas Subotica englische und serbische Sprachkurse f\u00fcr Studenten der Technischen Hochschule Subotica. Der Sprachkurs wurde von der Firma Science aus Senta organisiert. 90 ungarisch- und 90 serbisch muttersprachliche Studenten des ersten Studienjahres lernten englisch und serbisch. 50 ungarisch-muttersprachliche Studenten im zweiten Studienjahr lernten serbisch zwei Stunden pro Woche.<\/p> <p><strong>6 \u00a0\u00a0\u00a0\u00a0\u00a0\u00a0 Animierung von Caritas Pfarrgruppen<\/strong><\/p> <p>Die italienische Caritas, durch Vermittlung der Caritas Serbien, unterst\u00fctzte die Animierung von Caritas Pfarrgruppen. Eine Summe von 500 \u20ac konnte gewonnen werden im Rahmen eines Projekts f\u00fcr ein Mikro-Projekt. Freiwillige von 4 Pfarren haben diese M\u00f6glichkeit ergriffen.<\/p> <p>In der Fastenzeit haben die Kinder in den Kirchen, mit Hilfe von Pfarrern und Religionslehrer, Sammlungen f\u00fcr ukrainische Kinder organisiert. Die Summe von 1000\u20ac haben die Freiwilligen des Griechisch-Katholischen Exarchats zu Bed\u00fcrftige gebracht.<\/p> <p>In allen Kirchen der Di\u00f6zese wurde am 6.Dezember, das Caritas-Sonntag Sammeln organisiert. Die Spenden werden f\u00fcr Animierung von Caritas Pfarrgruppen verwendet.<\/p> <p>Der j\u00e4hrliche spirituelle Tag der Caritas Freiwilligen und Mitarbeiter fand am 12.Dezember statt. Die H\u00e4lfte der 200 Teilnehmer kam aus unserer Di\u00f6zese.<\/p> <p><strong>7 \u00a0\u00a0\u00a0\u00a0\u00a0\u00a0 Vermietung von Hilfsmitteln<\/strong><\/p> <p>Am Jahresende haben wir mietfrei 18 Krankenhaus-bette, 86 Rollst\u00fchle, 75 Gehr\u00f6cken, 20 Spazierst\u00f6cke und 5 Zimmer-Toiletten verleiht.<\/p> <p><strong>8 \u00a0\u00a0\u00a0\u00a0\u00a0\u00a0 Meghallgat\u00f3 k\u00f6zpont<\/strong><\/p> <p>Jeder Hilfesuchende wird von einem Freiwilligen erh\u00f6rt. Seine Angaben werden aufgeschrieben, seine soziale Lage wird vermessen. Er wird Ratschl\u00e4ge bekommen, wie er seine Grundrechte verwirklichen kann, und er bekommt (wenn es im Magazin gibt) ein Lebensmittelpaket, Kleidung und Schuhe.<\/p> <p>Regelm\u00e4\u00dfig vermitteln wir zwischen M\u00f6bel- und Haushaltsger\u00e4ten-Donatoren und Bed\u00fcrftigen. Wir organisieren den Transport der G\u00fcter.<\/p> <h3>Related Images:<\/h3>","protected":false},"excerpt":{"rendered":"<p>Bericht \u00fcber die Arbeit der Caritas im Jahre 2015 Im Jahre 2015 war die Caritas in folgenden Bereichen t\u00e4tig: Altenversorgung in Subotica,, Kanizsa, Kishegyes und Zenta T\u00e4tigkeit des Caritas Klubs \u2013 Versorgung der Obdachlosen Transport der Kranken und Alten Versorgung von Fl\u00fcchtlingen und Migranten Sprachunterricht Animierung der Caritas-Pfarrgruppen Umweltschutz Kamp gegen Armut Verleihung von Krankenhausbetten, [&hellip;]<\/p>\n","protected":false},"author":1,"featured_media":0,"parent":72,"menu_order":0,"comment_status":"closed","ping_status":"open","template":"","meta":{"ngg_post_thumbnail":0,"footnotes":""},"class_list":["post-89","page","type-page","status-publish","hentry"],"_links":{"self":[{"href":"https:\/\/www.caritas-su.org.rs\/index.php?rest_route=\/wp\/v2\/pages\/89","targetHints":{"allow":["GET"]}}],"collection":[{"href":"https:\/\/www.caritas-su.org.rs\/index.php?rest_route=\/wp\/v2\/pages"}],"about":[{"href":"https:\/\/www.caritas-su.org.rs\/index.php?rest_route=\/wp\/v2\/types\/page"}],"author":[{"embeddable":true,"href":"https:\/\/www.caritas-su.org.rs\/index.php?rest_route=\/wp\/v2\/users\/1"}],"replies":[{"embeddable":true,"href":"https:\/\/www.caritas-su.org.rs\/index.php?rest_route=%2Fwp%2Fv2%2Fcomments&post=89"}],"version-history":[{"count":1,"href":"https:\/\/www.caritas-su.org.rs\/index.php?rest_route=\/wp\/v2\/pages\/89\/revisions"}],"predecessor-version":[{"id":957,"href":"https:\/\/www.caritas-su.org.rs\/index.php?rest_route=\/wp\/v2\/pages\/89\/revisions\/957"}],"up":[{"embeddable":true,"href":"https:\/\/www.caritas-su.org.rs\/index.php?rest_route=\/wp\/v2\/pages\/72"}],"wp:attachment":[{"href":"https:\/\/www.caritas-su.org.rs\/index.php?rest_route=%2Fwp%2Fv2%2Fmedia&parent=89"}],"curies":[{"name":"wp","href":"https:\/\/api.w.org\/{rel}","templated":true}]}}