{"id":78,"date":"2013-04-29T23:28:21","date_gmt":"2013-04-29T21:28:21","guid":{"rendered":"http:\/\/www.caritas-su.org.rs\/?page_id=78"},"modified":"2015-05-28T12:16:30","modified_gmt":"2015-05-28T10:16:30","slug":"tortenet","status":"publish","type":"page","link":"https:\/\/www.caritas-su.org.rs\/?page_id=78","title":{"rendered":"T\u00f6rt\u00e9net"},"content":{"rendered":"<p style=\"text-align: justify;\"><span style=\"font-size: 14pt; font-family: 'trebuchet ms', geneva, sans-serif;\"><strong><span style=\"text-decoration: underline;\">A szeg\u00e9nyek szolg\u00e1lata az Egyh\u00e1zban<\/span><\/strong><\/span><\/p> <p style=\"text-align: justify;\"><span style=\"font-size: 12pt;\">Az \u0151skereszt\u00e9ny egyh\u00e1z \u00e9let\u00e9t \u2013 J\u00e9zus Krisztus p\u00e9ld\u00e1j\u00e1t k\u00f6vetve \u2013 az elesettek megseg\u00edt\u00e9se jellemezte (gy\u0171jt\u00e9sek a szeg\u00e9nyek r\u00e9sz\u00e9re, \u00f6zvegyek t\u00e1mogat\u00e1sa). Az apostolok az egyh\u00e1zi rend szents\u00e9g\u00e9nek els\u0151 fokozatak\u00e9nt, diak\u00f3nusokat szenteltek a szeretetszolg\u00e1latra. A k\u00f6z\u00f6ss\u00e9gen bel\u00fcl a szeg\u00e9nyekr\u0151l val\u00f3 gondoskod\u00e1st m\u00e1r akkor rendszerbe foglalt\u00e1k \u00e9s benne nyilv\u00e1ntartott\u00e1k a szeg\u00e9nyeket, k\u00f6r\u00fclm\u00e9nyeiket, sz\u00fcks\u00e9geiket. Az \u0151segyh\u00e1z alapelvei k\u00f6z\u00e9 tartozott a rokonok ell\u00e1t\u00e1s\u00e1nak k\u00f6telezetts\u00e9ge \u00e9s a munkak\u00e9pesek k\u00f6telez\u0151 munkav\u00e9gz\u00e9se. A munkak\u00e9pteleneket, ha a nagycsal\u00e1d nem tudta eltartani, teljesen az egyh\u00e1zi k\u00f6z\u00f6ss\u00e9g tartotta el. A k\u00f6z\u00f6ss\u00e9g nemcsak a testi sz\u00fcks\u00e9gleteket tartotta szem el\u0151tt, hanem szeg\u00e9ny t\u00e1rsuk lelk\u00e9t is \u00e1polta. A seg\u00e9lyeket a h\u00edvek adakoz\u00e1saib\u00f3l teremtett\u00e9k el\u0151. Az apostolok idej\u00e9ben az \u00darvacsor\u00e1ra hozott, \u00e9s k\u00f6z\u00f6sbe tett, de aznap el nem fogyasztott \u00e9lelmiszert h\u00e9tk\u00f6zben a szeg\u00e9nyeknek osztott\u00e1k sz\u00e9t.<\/span><\/p> <p style=\"text-align: justify;\"><span style=\"font-size: 12pt;\">Az Egyh\u00e1z m\u00e1r az \u00f3korban kiterjesztette a szeg\u00e9nygondoz\u00e1s k\u00f6r\u00e9t a r\u00f3mai cs\u00e1sz\u00e1rs\u00e1g hat\u00e1rain k\u00edv\u00fclre is. Az egyh\u00e1zi javak egy negyed\u00e9t a \u201equarta pauperum\u201d-ot karitat\u00edv c\u00e9lokra kellett ford\u00edtani. Egyh\u00e1zi \u201ebeteg\u00e1pol\u00e1sra alkalmas helyek\u201d, az utaz\u00f3k \u00e9s szeg\u00e9nyek befogad\u00e1s\u00e1ra alkalmas fogad\u00f3k l\u00e9tes\u00fcltek.<\/span><\/p> <p style=\"text-align: justify;\"><span style=\"font-size: 12pt;\">A IV. sz\u00e1zadban Nagy Konstantin cs\u00e1sz\u00e1r rendelete m\u00e9g nagyobb teret adott az Egyh\u00e1z szeg\u00e9nygondoz\u00f3i tev\u00e9kenys\u00e9g\u00e9nek. A p\u00fcsp\u00f6k\u00f6k k\u00f6teless\u00e9ge lett a b\u00f6rt\u00f6nl\u00e1togat\u00e1s, a foglyokkal val\u00f3 b\u00e1n\u00e1sm\u00f3d feletti \u0151rk\u00f6d\u00e9s \u00e9s a gabona sz\u00e9toszt\u00e1sa az \u00f6zvegyek r\u00e9sz\u00e9re. Megalakultak az els\u0151 szerzetesk\u00f6z\u00f6ss\u00e9gek, amelyek egyik f\u0151 feladatuknak a szeg\u00e9nyekr\u0151l val\u00f3 gondoskod\u00e1st tartott\u00e1k.<\/span><\/p> <p style=\"text-align: justify;\"><span style=\"font-size: 12pt;\">A VI. sz\u00e1zadban kialakultak a mai \u00e9rtelemben vett pl\u00e9b\u00e1niak\u00f6z\u00f6ss\u00e9gek, amelyeknek az egyh\u00e1zk\u00f6zs\u00e9gi szeg\u00e9nygondoz\u00e1s ir\u00e1ny\u00edt\u00e1sa is feladata lett. Hamarosan nyilv\u00e1nval\u00f3v\u00e1 v\u00e1lt, hogy a szeg\u00e9ny\u00fcgy m\u00e9g nagyobb szervezetts\u00e9get ig\u00e9nyel. Az Egyh\u00e1zban a szerzetesrendek mellett \u00faj ir\u00e1nyelveket jel\u00f6ltek meg a szeg\u00e9nyek szolg\u00e1lat\u00e1nak nagy szentjei is: Nursiai Szent Benedek, Assisi Szent Ferenc, \u00c1rp\u00e1d-h\u00e1zi Szent Erzs\u00e9bet \u00e9s Szent Hedvig. A kolostorok a szeg\u00e9nygondoz\u00e1s k\u00f6zpontjai lettek. A szerzetesek k\u00f3rh\u00e1zakat, beteg- \u00e9s szeg\u00e9nyh\u00e1zakat hoztak l\u00e9tre, amelyeket alamizsn\u00e1kb\u00f3l \u00e9s saj\u00e1t munk\u00e1jukkal tartottak fenn. Az elesettek felkarol\u00e1s\u00e1ban \u00e9s a betegek \u00e1pol\u00e1s\u00e1ban a lovagrendek is szerepet v\u00e1llaltak.<\/span><\/p> <p style=\"text-align: justify;\"><span style=\"font-size: 12pt;\">A XVI. sz\u00e1zadban az \u00e1rv\u00e1k nagy gondoz\u00f3ja N\u00e9ri Szent F\u00fcl\u00f6p \u00e9letvitel\u00e9vel mutatta meg, hogyan kell az utcagyerekeket nevelni \u00e9s \u00e1rvah\u00e1zakat l\u00e9tes\u00edteni. A XVII. sz\u00e1zad legkimagasl\u00f3bb szeg\u00e9nyapostola P\u00e1li Szent Vince volt, aki a szeg\u00e9nygondoz\u00e1s \u00faj rendszer\u00e9t \u00e1ll\u00edtotta fel, int\u00e9zm\u00e9nyek helyett saj\u00e1t otthonukban gondoztatta a szeg\u00e9nyeket \u00e9s r\u00e9sze volt az Irgalmas N\u0151v\u00e9rek rendj\u00e9nek megalap\u00edt\u00e1s\u00e1ban.<\/span><\/p> <p style=\"text-align: justify;\"><span style=\"font-size: 12pt;\">Az \u00fajkor sz\u00e1zadaiban is sz\u00e1mos vez\u00e9regy\u00e9nis\u00e9g vitte a kereszt\u00e9ny emberszeretet z\u00e1szlaj\u00e1t. Az olasz Bosco Szent J\u00e1nos els\u0151sorban a gyermeknevel\u00e9s ter\u00e9n jeleskedett, amit a szal\u00e9ziek mai is f\u0151 feladatuknak tartanak, a n\u00e9met Boldog Kolping Adolf a tanoncotthonok alapjait tette le, az angol Ward M\u00e1ria az angolkisasszonyok rendj\u00e9vel a le\u00e1nynevel\u00e9st emelte magas szintre. Mik\u00f6zben a kereszt\u00e9nys\u00e9g kitermelte a felebar\u00e1ti szeretet gy\u00f6ngyszemeit, az \u00e1llami hatalom minden\u00fctt igyekezett tanulni az Egyh\u00e1zt\u00f3l, \u00e9s versenyezni karitat\u00edv tev\u00e9kenys\u00e9g\u00e9vel. Az \u00e1llam \u00e9s az egyh\u00e1z sz\u00e9tv\u00e1laszt\u00e1sa nyom\u00e1n az \u00e1llam mind t\u00f6bb, olyan szerepet vett \u00e1t, melyet addig az egyh\u00e1z hordozott. \u00cdgy \u00e9p\u00fclt ki az \u00e1llami szeg\u00e9nygondoz\u00e1s is. Az \u00e1llami rendszer ki\u00e9p\u00fcl\u00e9s\u00e9vel \u00e9s az Egyh\u00e1z anyagi lehet\u0151s\u00e9geinek besz\u0171k\u00fcl\u00e9s\u00e9vel az egyh\u00e1zi szoci\u00e1lis int\u00e9zm\u00e9nyek lassank\u00e9nt elgyeng\u00fcltek, \u00e9s teljesen a h\u00edv\u0151k \u00e1ldozatk\u00e9szs\u00e9g\u00e9re szorultak.<\/span><\/p> <p style=\"text-align: justify;\"><span style=\"font-size: 12pt;\">Ennek ellen\u00e9re t\u00f6bb p\u00e9lda mutatta meg, hogy az egyh\u00e1zi szeg\u00e9nygondoz\u00e1s \u00f6ner\u0151b\u0151l is b\u00e1mulatra m\u00e9lt\u00f3 eredm\u00e9nyeket tud l\u00e9trehozni \u00e9s k\u00e9pes meg\u00fajulni. Ilyen szervez\u0151d\u00e9s volt az 1897-ben Lorenz Werthmann \u00e1ltal megalap\u00edtott Caritas-Verband f\u00fcr das Katholische Deutschland a n\u00e9metorsz\u00e1gi Freiburgban, amelyet a n\u00e9met p\u00fcsp\u00f6ki konferencia 1916-ban orsz\u00e1gos karit\u00e1szk\u00e9nt ismert el. Werthmann c\u00e9lja az volt, hogy a j\u00f3sz\u00e1nd\u00e9k\u00fa emberek \u00f6nk\u00e9ntes seg\u00edt\u0151 munk\u00e1j\u00e1t szervezett keretek k\u00f6z\u00e9 foglalja \u00e9s hat\u00e9konyabb\u00e1 tegye. Lorenz Werthmann alkotta meg a Caritas vil\u00e1gszerte ismert jel\u00e9t, amely a szeretet l\u00e1ngj\u00e1t jelk\u00e9pezi. Alapvet\u0151 c\u00e9lk\u00e9nt fogalmazt\u00e1k meg, hogy a Caritas korra, nemre, felekezeti hovatartoz\u00e1sra val\u00f3 tekintet n\u00e9lk\u00fcl seg\u00edt a r\u00e1szorul\u00f3kon. A n\u00e9met szervez\u0151d\u00e9st k\u00f6vetve hamarosan eg\u00e9sz Eur\u00f3p\u00e1ban l\u00e9trej\u00f6ttek az orsz\u00e1gos szervezetek. Ma m\u00e1r a Caritas jelen van az eg\u00e9sz vil\u00e1gon, mint a Katolikus Egyh\u00e1z seg\u00e9lyszervezete.<\/span><\/p> <p style=\"text-align: justify;\"><span style=\"font-size: 14pt;\"><strong><span style=\"text-decoration: underline;\"><span style=\"font-family: 'trebuchet ms', geneva, sans-serif;\">Caritas a Szabadkai Egyh\u00e1zmegy\u00e9ben<\/span><\/span><\/strong><\/span><\/p> <p style=\"text-align: justify;\"><span style=\"font-size: 12pt;\">A trianoni b\u00e9keszerz\u0151d\u00e9s ut\u00e1n Szabadk\u00e1n a ferencesek voltak a szeg\u00e9nygondoz\u00e1s szervez\u0151i. N\u00e9pkonyh\u00e1t tartottak fent \u00e9s koldul\u00f3 k\u00f6r\u00fatjaikon a szeg\u00e9nyek ell\u00e1t\u00e1s\u00e1ra is gy\u0171jt\u00f6ttek. A pl\u00e9b\u00e1nosok a Szent Antal-kassz\u00e1ba gy\u0171lt p\u00e9nzt a szeg\u00e9nyek k\u00f6z\u00f6tt osztott\u00e1k sz\u00e9t. A m\u00e1sodik vil\u00e1gh\u00e1bor\u00fa ut\u00e1n a kommunista rendszer megfosztotta az egyh\u00e1zakat a f\u00f6ldjeikt\u0151l \u00e9s ingatlanaiknak nagy r\u00e9sz\u00e9t\u0151l \u00e9s a szoci\u00e1lis gondoskod\u00e1st \u00e1llami monop\u00f3liumk\u00e9nt gyakorolta. A hatvanas \u00e9vekt\u0151l a templomok bej\u00e1rat\u00e1n\u00e1l t\u00f6rt\u00e9n\u0151 koldul\u00e1st is. A pl\u00e9b\u00e1ni\u00e1k tov\u00e1bbra is seg\u00edtettek a Szent Antal-kassza r\u00e9v\u00e9n.<\/span><\/p> <p style=\"text-align: justify;\"><span style=\"font-size: 12pt;\">A Szabadkai Egyh\u00e1zmegye egyh\u00e1zk\u00f6zs\u00e9geinek a Szab\u00e1lyzat\u00e1ban \u00e9s \u00dcgyrendj\u00e9ben el\u0151re l\u00e1tt\u00e1k t\u00f6bbek k\u00f6z\u00f6tt a karitat\u00edv szakoszt\u00e1ly l\u00e9trehoz\u00e1s\u00e1t is 1970-ben. Ez volt a karitat\u00edv tev\u00e9kenys\u00e9g szervezett form\u00e1j\u00e1nak a kezdete. T\u00f6bb pl\u00e9b\u00e1ni\u00e1n \u00e9letre is keltek ezek a szakoszt\u00e1lyok \u00e9s szervezetten tev\u00e9kenykedtek.<\/span><\/p> <p style=\"text-align: justify;\"><span style=\"font-size: 12pt;\">Jugoszl\u00e1via sz\u00e9tes\u00e9s\u00e9t k\u00f6vet\u0151en az Eur\u00f3pai Caritas a Sv\u00e1jci Caritas r\u00e9v\u00e9n kezdte el az \u00e9lelmiszerk\u00fcldem\u00e9nyek eljuttat\u00e1s\u00e1t a Jugoszl\u00e1viai Caritashoz, amelyet a p\u00fcsp\u00f6k\u00f6k \u00e9s n\u00e9h\u00e1ny laikus alap\u00edtottak meg. A Belgr\u00e1dba \u00e9rkez\u0151 seg\u00e9lysz\u00e1ll\u00edtm\u00e1nyokat az egyh\u00e1zmegy\u00e9khez ir\u00e1ny\u00edtott\u00e1k amelyek sz\u00e9tosztott\u00e1k a pl\u00e9b\u00e1ni\u00e1k k\u00f6z\u00f6tt \u00e9s az ott szervez\u0151d\u0151 karit\u00e1szcsoportok osztott\u00e1k a r\u00e1szorul\u00f3knak. Az \u00e9lelmiszersz\u00e1ll\u00edtm\u00e1nyokhoz tiszt\u00e1lkod\u00e1si szereket is t\u00e1rs\u00edtottak, majd takar\u00f3kat is k\u00fcldtek. E munka folyamat\u00e1ban megszervez\u0151dtek az egyh\u00e1zmegyei Caritas-k\u00f6zpontok, a Szabadkai Egyh\u00e1zmegy\u00e9ben Szabadk\u00e1n \u00e9s \u00dajvid\u00e9ken. Ett\u0151l kezdve m\u00e1r ezek a k\u00f6zpontok fogadt\u00e1k a sz\u00e1ll\u00edtm\u00e1nyokat. A hollandiai Cord-Aid t\u0171zifa \u00e9s t\u0171zhelyek v\u00e1s\u00e1rl\u00e1s\u00e1t t\u00e1mogatta \u00e9s nagy r\u00e9szben a menek\u00fcltek ell\u00e1t\u00e1s\u00e1ra a Caritas-k\u00f6zpontokon kereszt\u00fcl osztotta sz\u00e9t. A csomagok h\u00e1zhozsz\u00e1ll\u00edt\u00e1s\u00e1ra a Sv\u00e1jci Caritas egy kombit \u00e9s egy aut\u00f3t aj\u00e1nd\u00e9kozott az egyh\u00e1zmegyei Caritasnak.<\/span><\/p> <p style=\"text-align: justify;\"><span style=\"font-size: 12pt;\">A Szabadkai Egyh\u00e1zmegyei Caritas tev\u00e9kenys\u00e9g\u00e9t a Caritas Gorizia t\u00e1mogatta \u00e9lelmiszer \u00e9s ruhanem\u0171 sz\u00e1ll\u00edtm\u00e1nyokkal, p\u00e9nzt adott kerti-vetem\u00e9nyek magvainak v\u00e1s\u00e1rl\u00e1s\u00e1ra, naposcsib\u00e9k sz\u00e9toszt\u00e1s\u00e1ra, seg\u00edtette a v\u00e1rosi nyugd\u00edjas-klubok fennmarad\u00e1s\u00e1t \u00e9s a di\u00e1kseg\u00e9lyz\u0151t t\u00f6bb \u00e9ven \u00e1t. A szabadkai Caritas-Club \u00e9p\u00fclet\u00e9nek teljes fel\u00faj\u00edt\u00e1s\u00e1t is t\u00e1mogatta.<\/span><\/p> <p style=\"text-align: justify;\"><span style=\"font-size: 12pt;\">A Caritas Ober\u00f6sterreich \u2013 Linz lett az egyh\u00e1zmegyei Caritas partnere 1997-t\u0151l. \u00c9lelmiszer \u00e9s ruhanem\u0171 sz\u00e1ll\u00edtm\u00e1nyokkal, k\u00f3rh\u00e1zi \u00e1gyak, j\u00e1r\u00f3k\u00e1k, tol\u00f3kocsik \u00e9s az irodah\u00e1z\u00a0 adom\u00e1nyoz\u00e1s\u00e1val seg\u00edtette a Caritas ki\u00e9p\u00edt\u00e9s\u00e9t egyh\u00e1zmegy\u00e9nkben. L\u00e9p\u00e9seket tett a h\u00e1zi-gondoz\u00e1s \u00e9s \u00e1pol\u00e1s ter\u00fclet\u00e9n szerzett tapasztalatok \u00e1tad\u00e1s\u00e1ra \u00e9s 2001-ben pilot-projektumk\u00e9nt 15 h\u00f3napon \u00e1t t\u00e1mogatta a szolg\u00e1lat megalap\u00edt\u00e1s\u00e1t \u00e9s m\u0171k\u00f6d\u00e9s\u00e9t.\u00a0<\/span><\/p> <p style=\"text-align: justify;\"><span style=\"font-size: 12pt;\">2003-ban indult az orsz\u00e1gos Caritas nagy projektuma \u2013 a h\u00e1zi-gondoz\u00e1si \u00e9s \u00e1pol\u00e1si szolg\u00e1lat. Egyh\u00e1zmegy\u00e9nkben Szabadk\u00e1n \u00e9s \u00dajvid\u00e9ken 12-12 terepi munk\u00e1ssal az Eur\u00f3pai Caritas t\u00e1mogat\u00e1s\u00e1val. A szolg\u00e1lat ki\u00e9p\u00edt\u00e9s\u00e9ben szakmai seg\u00edts\u00e9get a n\u00e9metorsz\u00e1gi Caritasverband szakemberei ny\u00fajtottak.<\/span><\/p> <p style=\"text-align: justify;\"><span style=\"font-size: 12pt;\">2003 janu\u00e1rj\u00e1ban, mint polg\u00e1rjogi szem\u00e9ly lett bejegyezve a Szabadkai Egyh\u00e1zmegye Caritasa, \u00dajvid\u00e9ken az Esperesker\u00fcleti Caritas \u00e9s Zent\u00e1n a pl\u00e9b\u00e1niai Caritas. Ezzel lehet\u0151v\u00e9 v\u00e1lt a k\u00fclf\u00f6ldi t\u00e1mogat\u00e1sok k\u00f6zvetlen fogad\u00e1sa, a p\u00e1ly\u00e1z\u00e1sok \u00e9s a m\u00e9g szervezettebb munka.<\/span><\/p> <p style=\"text-align: justify;\"><span style=\"font-size: 12pt;\">A tov\u00e1bbi fejl\u0151d\u00e9st a k\u00f6vetkez\u0151 telep\u00fcl\u00e9sekre kattintva tekintheti meg:<\/span><\/p> <ul> <li style=\"text-align: justify;\"><a href=\"http:\/\/www.caritas-su.org.rs\/magyar\/projektek\/szabadka\">Szabadka<\/a><\/li> <li style=\"text-align: justify;\"><a href=\"http:\/\/www.caritas-su.org.rs\/magyar\/projektek\/zenta\">Zenta<\/a><\/li> <li style=\"text-align: justify;\"><a href=\"http:\/\/www.caritas-su.org.rs\/magyar\/projektek\/kishegyes\">Kishegyes<\/a><\/li> <li style=\"text-align: justify;\"><a href=\"http:\/\/www.caritas-su.org.rs\/magyar\/projektek\/kanizsa\">Kanizsa<\/a><\/li> <li style=\"text-align: justify;\"><a href=\"http:\/\/www.caritas-su.org.rs\/magyar\/projektek\/becse\">\u00d3becse<\/a><\/li> <li style=\"text-align: justify;\"><a href=\"http:\/\/www.caritas-su.org.rs\/magyar\/projektek\/ujvidek\">\u00dajvid\u00e9k<\/a><\/li> <\/ul> <h3>Related Images:<\/h3>","protected":false},"excerpt":{"rendered":"<p>A szeg\u00e9nyek szolg\u00e1lata az Egyh\u00e1zban Az \u0151skereszt\u00e9ny egyh\u00e1z \u00e9let\u00e9t \u2013 J\u00e9zus Krisztus p\u00e9ld\u00e1j\u00e1t k\u00f6vetve \u2013 az elesettek megseg\u00edt\u00e9se jellemezte (gy\u0171jt\u00e9sek a szeg\u00e9nyek r\u00e9sz\u00e9re, \u00f6zvegyek t\u00e1mogat\u00e1sa). Az apostolok az egyh\u00e1zi rend szents\u00e9g\u00e9nek els\u0151 fokozatak\u00e9nt, diak\u00f3nusokat szenteltek a szeretetszolg\u00e1latra. A k\u00f6z\u00f6ss\u00e9gen bel\u00fcl a szeg\u00e9nyekr\u0151l val\u00f3 gondoskod\u00e1st m\u00e1r akkor rendszerbe foglalt\u00e1k \u00e9s benne nyilv\u00e1ntartott\u00e1k a szeg\u00e9nyeket, k\u00f6r\u00fclm\u00e9nyeiket, sz\u00fcks\u00e9geiket. [&hellip;]<\/p>\n","protected":false},"author":1,"featured_media":0,"parent":397,"menu_order":0,"comment_status":"closed","ping_status":"closed","template":"","meta":{"ngg_post_thumbnail":0,"footnotes":""},"class_list":["post-78","page","type-page","status-publish","hentry"],"_links":{"self":[{"href":"https:\/\/www.caritas-su.org.rs\/index.php?rest_route=\/wp\/v2\/pages\/78","targetHints":{"allow":["GET"]}}],"collection":[{"href":"https:\/\/www.caritas-su.org.rs\/index.php?rest_route=\/wp\/v2\/pages"}],"about":[{"href":"https:\/\/www.caritas-su.org.rs\/index.php?rest_route=\/wp\/v2\/types\/page"}],"author":[{"embeddable":true,"href":"https:\/\/www.caritas-su.org.rs\/index.php?rest_route=\/wp\/v2\/users\/1"}],"replies":[{"embeddable":true,"href":"https:\/\/www.caritas-su.org.rs\/index.php?rest_route=%2Fwp%2Fv2%2Fcomments&post=78"}],"version-history":[{"count":4,"href":"https:\/\/www.caritas-su.org.rs\/index.php?rest_route=\/wp\/v2\/pages\/78\/revisions"}],"predecessor-version":[{"id":487,"href":"https:\/\/www.caritas-su.org.rs\/index.php?rest_route=\/wp\/v2\/pages\/78\/revisions\/487"}],"up":[{"embeddable":true,"href":"https:\/\/www.caritas-su.org.rs\/index.php?rest_route=\/wp\/v2\/pages\/397"}],"wp:attachment":[{"href":"https:\/\/www.caritas-su.org.rs\/index.php?rest_route=%2Fwp%2Fv2%2Fmedia&parent=78"}],"curies":[{"name":"wp","href":"https:\/\/api.w.org\/{rel}","templated":true}]}}