{"id":380,"date":"2013-12-22T13:08:20","date_gmt":"2013-12-22T11:47:22","guid":{"rendered":"http:\/\/www.caritas-su.org.rs\/?page_id=380"},"modified":"2015-05-28T12:32:10","modified_gmt":"2015-05-28T10:32:10","slug":"elerhetosegek","status":"publish","type":"page","link":"https:\/\/www.caritas-su.org.rs\/?page_id=380","title":{"rendered":"El\u00e9rhet\u0151s\u00e9gek"},"content":{"rendered":"<table> <tbody> <tr> <td> <address><strong>Szabadkai Egyh\u00e1zmegye Caritasa<\/strong><\/address> <address><strong>C\u00edm: Zmaj Jovin 20.<\/strong><\/address> <address><strong>24000 Szabadka<\/strong><\/address> <address><strong>Szerbia<\/strong><\/address> <address><strong>Telefon\/fax: +381-24-559-139<\/strong><\/address> <address><strong>Email: caritas@tippnet.rs<\/strong><\/address> <address><strong>Web: www.caritas-su.org.rs<\/strong><\/address> <\/td> <td align=\"right\"><iframe loading=\"lazy\" src=\"https:\/\/maps.google.rs\/maps?f=q&amp;source=s_q&amp;hl=en&amp;geocode=&amp;q=20+Zmaj+Jovina,+Subotica,+Autonomous+Province+of+Vojvodina&amp;aq=0&amp;oq=Zmaj+Jovina+20.+subo&amp;sll=45.410355,20.207012&amp;sspn=1.905043,4.251709&amp;ie=UTF8&amp;hq=&amp;hnear=Zmaj+Jovina,+Subotica,+North+Ba%C4%8Dka+District,+Autonomous+Province+of+Vojvodina&amp;t=m&amp;ll=46.1035,19.665098&amp;spn=0.010414,0.018239&amp;z=15&amp;iwloc=A&amp;output=embed\" width=\"425\" height=\"350\" frameborder=\"0\" marginwidth=\"0\" marginheight=\"0\" scrolling=\"no\"><\/iframe><\/p> <p><small><a href=\"http:\/\/maps.google.hu\/maps?f=q&amp;source=embed&amp;hl=hu&amp;geocode=&amp;q=20+Zmaj+Jovina,+Szabadka,+Vajdas%C3%A1g+Auton%C3%B3m+Tartom%C3%A1ny&amp;aq=0&amp;oq=Zmaj+Jovina+20.&amp;sll=46.102935,19.666171&amp;sspn=0.00735,0.016608&amp;ie=UTF8&amp;hq=&amp;hnear=Zmaj+Jovina,+Szabadka,+%C3%89szak+B%C3%A1cskai+k%C3%B6rzet,+Vajdas%C3%A1g+Auton%C3%B3m+Tartom%C3%A1ny,+Szerbia&amp;t=m&amp;ll=46.1035,19.665098&amp;spn=0.010414,0.018239&amp;z=15&amp;iwloc=A\">Nagyobb t\u00e9rk\u00e9pre v\u00e1lt\u00e1s<\/a><\/small><\/td> <\/tr> <\/tbody> <\/table> <p>&nbsp;<\/p> <h3>Related Images:<\/h3>","protected":false},"excerpt":{"rendered":"<p>Szabadkai Egyh\u00e1zmegye Caritasa C\u00edm: Zmaj Jovin 20. 24000 Szabadka Szerbia Telefon\/fax: +381-24-559-139 Email: caritas@tippnet.rs Web: www.caritas-su.org.rs Nagyobb t\u00e9rk\u00e9pre v\u00e1lt\u00e1s &nbsp; Related Images:<\/p>\n","protected":false},"author":1,"featured_media":0,"parent":369,"menu_order":0,"comment_status":"closed","ping_status":"closed","template":"","meta":{"ngg_post_thumbnail":0,"footnotes":""},"class_list":["post-380","page","type-page","status-publish","hentry"],"_links":{"self":[{"href":"https:\/\/www.caritas-su.org.rs\/index.php?rest_route=\/wp\/v2\/pages\/380","targetHints":{"allow":["GET"]}}],"collection":[{"href":"https:\/\/www.caritas-su.org.rs\/index.php?rest_route=\/wp\/v2\/pages"}],"about":[{"href":"https:\/\/www.caritas-su.org.rs\/index.php?rest_route=\/wp\/v2\/types\/page"}],"author":[{"embeddable":true,"href":"https:\/\/www.caritas-su.org.rs\/index.php?rest_route=\/wp\/v2\/users\/1"}],"replies":[{"embeddable":true,"href":"https:\/\/www.caritas-su.org.rs\/index.php?rest_route=%2Fwp%2Fv2%2Fcomments&post=380"}],"version-history":[{"count":5,"href":"https:\/\/www.caritas-su.org.rs\/index.php?rest_route=\/wp\/v2\/pages\/380\/revisions"}],"predecessor-version":[{"id":564,"href":"https:\/\/www.caritas-su.org.rs\/index.php?rest_route=\/wp\/v2\/pages\/380\/revisions\/564"}],"up":[{"embeddable":true,"href":"https:\/\/www.caritas-su.org.rs\/index.php?rest_route=\/wp\/v2\/pages\/369"}],"wp:attachment":[{"href":"https:\/\/www.caritas-su.org.rs\/index.php?rest_route=%2Fwp%2Fv2%2Fmedia&parent=380"}],"curies":[{"name":"wp","href":"https:\/\/api.w.org\/{rel}","templated":true}]}}