{"id":298,"date":"2013-05-21T10:21:26","date_gmt":"2013-05-21T08:21:26","guid":{"rendered":"http:\/\/www.caritas-su.org.rs\/?page_id=298"},"modified":"2015-06-25T15:49:49","modified_gmt":"2015-06-25T13:49:49","slug":"kulfoldi","status":"publish","type":"page","link":"https:\/\/www.caritas-su.org.rs\/?page_id=298","title":{"rendered":"K\u00fclf\u00f6ldi partnerek"},"content":{"rendered":"<p>k\u00fclf\u00f6ldi partnerek sorai&#8230;<\/p> <h3>Related Images:<\/h3>","protected":false},"excerpt":{"rendered":"<p>k\u00fclf\u00f6ldi partnerek sorai&#8230; Related Images:<\/p>\n","protected":false},"author":1,"featured_media":0,"parent":149,"menu_order":0,"comment_status":"closed","ping_status":"closed","template":"","meta":{"ngg_post_thumbnail":0,"footnotes":""},"class_list":["post-298","page","type-page","status-publish","hentry"],"_links":{"self":[{"href":"https:\/\/www.caritas-su.org.rs\/index.php?rest_route=\/wp\/v2\/pages\/298","targetHints":{"allow":["GET"]}}],"collection":[{"href":"https:\/\/www.caritas-su.org.rs\/index.php?rest_route=\/wp\/v2\/pages"}],"about":[{"href":"https:\/\/www.caritas-su.org.rs\/index.php?rest_route=\/wp\/v2\/types\/page"}],"author":[{"embeddable":true,"href":"https:\/\/www.caritas-su.org.rs\/index.php?rest_route=\/wp\/v2\/users\/1"}],"replies":[{"embeddable":true,"href":"https:\/\/www.caritas-su.org.rs\/index.php?rest_route=%2Fwp%2Fv2%2Fcomments&post=298"}],"version-history":[{"count":4,"href":"https:\/\/www.caritas-su.org.rs\/index.php?rest_route=\/wp\/v2\/pages\/298\/revisions"}],"predecessor-version":[{"id":574,"href":"https:\/\/www.caritas-su.org.rs\/index.php?rest_route=\/wp\/v2\/pages\/298\/revisions\/574"}],"up":[{"embeddable":true,"href":"https:\/\/www.caritas-su.org.rs\/index.php?rest_route=\/wp\/v2\/pages\/149"}],"wp:attachment":[{"href":"https:\/\/www.caritas-su.org.rs\/index.php?rest_route=%2Fwp%2Fv2%2Fmedia&parent=298"}],"curies":[{"name":"wp","href":"https:\/\/api.w.org\/{rel}","templated":true}]}}