{"id":134,"date":"2013-04-29T23:59:26","date_gmt":"2013-04-29T21:58:04","guid":{"rendered":"http:\/\/www.caritas-su.org.rs\/?page_id=134"},"modified":"2015-05-28T12:11:12","modified_gmt":"2015-05-28T10:11:12","slug":"ujvidek","status":"publish","type":"page","link":"https:\/\/www.caritas-su.org.rs\/?page_id=134","title":{"rendered":"\u00dajvid\u00e9k"},"content":{"rendered":"<p style=\"text-align: justify;\"><span style=\"font-family: 'trebuchet ms', geneva, sans-serif; font-size: 12pt;\">Az \u00dajvid\u00e9ki Esperesker\u00fcleti Caritas 2000 \u00f3ta tev\u00e9keny a humanit\u00e1rius \u00e9s szoci\u00e1lis gondoskod\u00e1s ter\u00fclet\u00e9n. T\u00f6bb f\u00e9le projektumot megval\u00f3s\u00edtott, k\u00f6z\u00fcl\u00fck a fontosabbak:<\/span><\/p> <ol style=\"text-align: justify;\"> <li><span style=\"font-family: 'trebuchet ms', geneva, sans-serif; font-size: 12pt;\">H\u00e1zi gondoz\u00e1s \u00e9s \u00e1pol\u00e1s<\/span><\/li> <li><span style=\"font-family: 'trebuchet ms', geneva, sans-serif; font-size: 12pt;\">Id\u0151sek napk\u00f6zije<\/span><\/li> <li><span style=\"font-family: 'trebuchet ms', geneva, sans-serif; font-size: 12pt;\">Montessori napk\u00f6zi gyermekek r\u00e9sz\u00e9re<\/span><\/li> <li><span style=\"font-family: 'trebuchet ms', geneva, sans-serif; font-size: 12pt;\">Ment\u00e1lhigi\u00e9n\u00e9s napk\u00f6zi<\/span><\/li> <li><span style=\"font-family: 'trebuchet ms', geneva, sans-serif; font-size: 12pt;\">Infocentar &#8211; az id\u0151sekr\u0151l val\u00f3 gondoskod\u00e1s k\u00f6zpontja &#8211; v\u00e1rosi alap\u00edt\u00e1s\u00fa.<\/span><\/li> <\/ol> <p style=\"text-align: justify;\"><span style=\"text-decoration: underline; font-size: 14pt;\"><strong><span style=\"font-family: 'trebuchet ms', geneva, sans-serif;\">H\u00c1ZI GONDOZ\u00c1S \u00c9S \u00c1POL\u00c1S<\/span><\/strong><\/span><\/p> <p style=\"text-align: justify;\"><span style=\"font-family: 'trebuchet ms', geneva, sans-serif; font-size: 12pt;\">Az \u00dajvid\u00e9ki Esperesker\u00fcleti Caritas &#8220;H\u00e1zi gondoz\u00e1s \u00e9s \u00e1pol\u00e1s&#8221; szolg\u00e1lat\u00e1nak ki\u00e9p\u00edt\u00e9s\u00e9t a CORDAID hollandiai szervezet finansz\u00edrozta, majd beker\u00fcl az orsz\u00e1gos projektumba melyet 2011. m\u00e1rcius v\u00e9g\u00e9ig a Deutscher Caritasverband k\u00f6zvet\u00edt\u00e9s\u00e9vel a n\u00e9met Gazdas\u00e1gi Egy\u00fcttm\u0171k\u00f6d\u00e9s\u00e9rt \u00e9s Fejl\u0151d\u00e9s\u00e9rt Felel\u0151s Miniszt\u00e9rium (BMZ) p\u00e9nzelte (6 munk\u00e1st), tov\u00e1bbi h\u00e1rom munk\u00e1s a don\u00e1ci\u00f3k terh\u00e9re volt alkalmazva.<\/span><\/p> <p style=\"text-align: justify;\"><span style=\"font-family: 'trebuchet ms', geneva, sans-serif; font-size: 12pt;\">A BMZ t\u00e1mogat\u00e1s megvon\u00e1s\u00e1val (2011. 03. 31.) a szolg\u00e1lat e r\u00e9sze megsz\u0171nt hivatalosan m\u0171k\u00f6dni, \u00e9s a gondozottakkal k\u00f6t\u00f6tt szerz\u0151d\u00e9seket felmondtuk.<\/span><\/p> <p style=\"text-align: justify;\"><span style=\"font-family: 'trebuchet ms', geneva, sans-serif; font-size: 12pt;\">A munka folytat\u00f3dott egy dolgoz\u00f3 foglalkoztat\u00e1s\u00e1val, akit a v\u00e1rosi alap\u00edt\u00e1s\u00fa Info-centar-ral val\u00f3 egy\u00fcttm\u0171k\u00f6d\u00e9sben alkalmaztunk.<\/span><\/p> <p style=\"text-align: justify;\"><span style=\"font-family: 'trebuchet ms', geneva, sans-serif; font-size: 12pt;\">2011-ben t\u00f6bb szemin\u00e1riumot \u00e9s gyakorlatot tartottunk \u2013 az Alzheimer betegs\u00e9gr\u0151l k\u00e9t el\u0151ad\u00e1st az alkalmazottaknak:<\/span><\/p> <ul> <li style=\"text-align: justify;\"><span style=\"font-family: 'trebuchet ms', geneva, sans-serif; font-size: 12pt;\">Demenci\u00f3 &#8211; az eg\u00e9sz csal\u00e1d betegs\u00e9ge \u00e9s;<\/span><\/li> <li style=\"text-align: justify;\"><span style=\"font-family: 'trebuchet ms', geneva, sans-serif; font-size: 12pt;\">Alzheimer k\u00f3r &#8211; diagn\u00f3zis \u00e9s ter\u00e1pia.<\/span><\/li> <\/ul> <p style=\"text-align: justify;\"><span style=\"font-family: 'trebuchet ms', geneva, sans-serif; font-size: 12pt;\">Az Info-centar szervez\u00e9s\u00e9ben h\u00e1rom t\u00e9ma:<\/span><\/p> <ul> <li style=\"text-align: justify;\"><span style=\"font-family: 'trebuchet ms', geneva, sans-serif; font-size: 12pt;\">A s\u00fcrg\u0151s esetek felismer\u00e9se;,<\/span><\/li> <li style=\"text-align: justify;\"><span style=\"font-family: 'trebuchet ms', geneva, sans-serif; font-size: 12pt;\">Az er\u0151szak korunk jelens\u00e9ge \u00e9s Paliat\u00edv gondoz\u00e1s.<\/span><\/li> <li style=\"text-align: justify;\"><span style=\"font-family: 'trebuchet ms', geneva, sans-serif; font-size: 12pt;\">H\u00e1zi kiseg\u00edt\u00e9s az \u00e1pol\u00e1s alapelemeivel &#8211; K\u00e9t h\u00e1zi kiseg\u00edt\u0151 r\u00e9szt vett a Caritas akredit\u00e1lt k\u00e9pz\u00e9s\u00e9n &#8211; \u00e9s eredm\u00e9nyesen vizsg\u00e1ztak. A Caritas szervez\u00e9s\u00e9ben gyakorlatokat szervezt\u00fcnk a munk\u00e1soknak A gondozottakkal val\u00f3 munka kih\u00edv\u00e1sai \u00e9s Az id\u0151sekkel val\u00f3 komunik\u00e1ci\u00f3 c\u00edmmel.<\/span><\/li> <\/ul> <p style=\"text-align: justify;\"><span style=\"text-decoration: underline; font-size: 14pt;\"><strong><span style=\"font-family: 'trebuchet ms', geneva, sans-serif;\">AZ ID\u0150SEK NAPK\u00d6ZIJE<\/span><\/strong><\/span><\/p> <p style=\"text-align: justify;\"><span style=\"font-family: 'trebuchet ms', geneva, sans-serif; font-size: 12pt;\">Az Id\u0151sek napk\u00f6zij\u00e9t r\u00e9szben a V\u00e1rosi Korm\u00e1nyzat Szoci\u00e1lis \u00e9s Gyermekv\u00e9delmi igazgat\u00f3s\u00e1ga, r\u00e9szben saj\u00e1t forr\u00e1sokb\u00f3l tartjuk fenn. A napk\u00f6ziben egy gondoz\u00f3n\u0151, egy szak\u00e1csn\u0151 dolgozik, r\u00e9szmunkaid\u0151ben egy sof\u0151r-logisztikus, egy koordin\u00e1tor \u00e9s egy adminisztr\u00e1tor.<\/span><\/p> <p style=\"text-align: justify;\"><span style=\"font-family: 'trebuchet ms', geneva, sans-serif; font-size: 12pt;\">A napk\u00f6ziben hetente \u00e1tlagban 42 l\u00e1togat\u00f3t l\u00e1tunk el. Lehet\u0151s\u00e9g\u00fck van f\u00fcrd\u00e9sre, manik\u0171r-pedik\u0171r szolg\u00e1lat\u00e1ra, ruhamos\u00e1sra, v\u00e9rnyom\u00e1s \u00e9s cukorszint m\u00e9r\u00e9s\u00e9re, illetve orvoss\u00e1gok beszerz\u00e9s\u00e9re. Naponta tartunk m\u0171helymunk\u00e1t az emberi kapcsolatok, \u00e9rzelmek tudatos\u00edt\u00e1s\u00e1ra \u00e9s ir\u00e1ny\u00edt\u00e1s\u00e1ra \u00e9s lelki t\u00e9m\u00e1k megbesz\u00e9l\u00e9s\u00e9re.<\/span><\/p> <p style=\"text-align: justify;\"><span style=\"font-family: 'trebuchet ms', geneva, sans-serif; font-size: 12pt;\">\u00c1tlagban hetenk\u00e9nt 38 szem\u00e9lyt sz\u00e1ll\u00edtunk be \u00e9s haza. Havonta \u00e1tlagban 227 eb\u00e9det osztottunk ki a napk\u00f6ziben. Eg\u00e9szs\u00e9g\u00fcgyi szolg\u00e1latunkat 1088-szor vett\u00e9k ig\u00e9nybe, rehabilit\u00e1ci\u00f3s \u00e9s aktiv\u00e1ci\u00f3s szolg\u00e1ltat\u00e1st v\u00e9gezt\u00fcnk 399-szer, 128 mos\u00e1s-sz\u00e1r\u00edt\u00e1s val\u00f3sult meg. Az id\u0151sek napk\u00f6zij\u00e9ben \u00f6sszesen 3191 szolg\u00e1ltat\u00e1st v\u00e9gezt\u00fcnk. A napk\u00f6zibe bej\u00e1r\u00f3k k\u00f6z\u00fcl 12-en \u00e9lvezik a h\u00e1zikiseg\u00edt\u00e9s \u00e9s gondoz\u00e1s szolg\u00e1lat seg\u00edts\u00e9g\u00e9t is.\u00a0\u00a0<\/span><\/p> <p style=\"text-align: justify;\"><span style=\"text-decoration: underline; font-size: 14pt;\"><strong><span style=\"font-family: 'trebuchet ms', geneva, sans-serif;\">MONTESSORI NAPK\u00d6ZI GYERMEKEK R\u00c9SZ\u00c9RE<\/span><\/strong><\/span><\/p> <p style=\"text-align: justify;\"><span style=\"font-family: 'trebuchet ms', geneva, sans-serif; font-size: 12pt;\">A Montessori napk\u00f6zit gyermekek r\u00e9sz\u00e9re 2009. szeptember\u00e9t\u0151l K\u00f6zmunk\u00e1k terh\u00e9re m\u0171k\u00f6ditett\u00fck. 2010. febru\u00e1r-m\u00e1rcius\u00e1ban saj\u00e1t eszk\u00f6z\u00f6kb\u0151l, \u00e1prilist\u00f3l j\u00falius v\u00e9g\u00e9ig \u00dajvid\u00e9k V\u00e1ros t\u00e1mogat\u00e1s\u00e1val. 2010. augusztus\u00e1t\u00f3l nem dolgozott t\u00e1mogat\u00e1s hi\u00e1nya miatt. 2011. \u00e1prilis\u00e1ban \u00e1prilis\u00e1t\u00f3l indult \u00fajra a munka a V\u00e1rosi Korm\u00e1nyzat Szoci\u00e1lis \u00e9s Gyermekv\u00e9delmi Tan\u00e1csa t\u00e1mogat\u00e1s\u00e1val.<\/span><\/p> <p style=\"text-align: justify;\"><span style=\"font-family: 'trebuchet ms', geneva, sans-serif; font-size: 12pt;\">A napk\u00f6zibe \u00e1tlagban 16 gyermeket hoztunk be a kombival, legt\u00f6bben a Rom\u00e1k Egyiptomi\u00a0 k\u00f6z\u00f6ss\u00e9g\u00e9be tartoznak. \u00d6t alkalmazott dolgozik: k\u00e9t nevel\u0151, pszichol\u00f3gus, felszolg\u00e1l\u00f3-takar\u00edt\u00f3n\u0151, sof\u0151r-beszerz\u0151. Fel\u00fajult az egy\u00fcttm\u0171k\u00f6d\u00e9s a Radosno detinjstvo int\u00e9zm\u00e9nnyel.<\/span><\/p> <p style=\"text-align: justify;\"><span style=\"font-family: 'trebuchet ms', geneva, sans-serif; font-size: 12pt;\">A tev\u00e9kenys\u00e9g f\u0151 vonala a Montessori program szerint haladt: K\u00f6rnyezet-ismeret, kozmikus t\u00e9m\u00e1k, a sz\u00e1mtan alapfogalmai, besz\u00e9dfejleszt\u00e9s, grafomotorika, a Montessori anyagokkal val\u00f3 munka, zenei \u00e9s fest\u00e9szeti m\u0171helymunk\u00e1k melyekkel szinte minden t\u00e9m\u00e1t aktualiz\u00e1lunk. Figyelmet szentelt\u00fcnk a gyermekek \u00f6nbizalm\u00e1nak \u00e9s \u00f6n\u00e9rt\u00e9kel\u00e9s\u00e9nek fejleszt\u00e9s\u00e9re is. \u00dajdons\u00e1g a testnevel\u00e9s hetente egy alkalommal, amit egy testnevel\u0151 tan\u00e1r tart \u00f6nk\u00e9ntesk\u00e9nt.<\/span><\/p> <p style=\"text-align: justify;\"><span style=\"font-family: 'trebuchet ms', geneva, sans-serif; font-size: 12pt;\">Szemmel l\u00e1that\u00f3 a gyermekeken a emberi kapcsolatok er\u0151s\u00f6d\u00e9se, a szab\u00e1lyok betart\u00e1s\u00e1nak k\u00e9szs\u00e9ge, a szerb nyelv haszn\u00e1lat\u00e1nak el\u0151rehalad\u00e1sa, a munka- \u00e9s higi\u00e9n\u00e9s k\u00e9szs\u00e9gek elsaj\u00e1t\u00edt\u00e1sa, valamint az \u00f6ntudat eg\u00e9szs\u00e9ges \u00e9bred\u00e9se.<\/span><\/p> <p style=\"text-align: justify;\"><span style=\"text-decoration: underline; font-size: 14pt;\"><strong><span style=\"font-family: 'trebuchet ms', geneva, sans-serif;\">MENT\u00c1LHIGI\u00c9N\u00c9S NAPK\u00d6ZI<\/span><\/strong><\/span><\/p> <p style=\"text-align: justify;\"><span style=\"font-family: 'trebuchet ms', geneva, sans-serif; font-size: 12pt;\">Az Id\u0151sek Napk\u00f6zij\u00e9nek rendszeres tev\u00e9kenys\u00e9ge ut\u00e1n, a d\u00e9lut\u00e1ni \u00f3r\u00e1kban m\u0171k\u00f6d\u00f6tt a ment\u00e1lhigi\u00e9n\u00e9s napk\u00f6zi. A munk\u00e1t diplom\u00e1s pszichol\u00f3gus vezette egy anim\u00e1tor pszichol\u00f3gussal, a napk\u00f6zi h\u00e1ziasszony\u00e1val \u00e9s szervez\u0151j\u00e9vel egy\u00fctt 2011 v\u00e9g\u00e9ig. Szakmai konzult\u00e1ns a pszichol\u00f3gia doktora Golubovic Boris a &#8220;Vojvodina Klinikai K\u00f6zpont&#8221; pszichi\u00e1triai int\u00e9zet\u00e9b\u0151l.<\/span><\/p> <p style=\"text-align: justify;\"><span style=\"font-family: 'trebuchet ms', geneva, sans-serif; font-size: 12pt;\">2012-ben a munk\u00e1ban r\u00e9szt vett a Milan Petrovic iskola, ahol a seg\u00edtettek gyakorlati k\u00e9pz\u00e9st kaptak t\u00f6bbf\u00e9le szakm\u00e1ban. A projektet Vajdas\u00e1gi Auton\u00f3m Tartom\u00e1ny, a K\u00f6zmunk\u00e1k \u00e9s egy olaszorsz\u00e1gi Caritas mikroprojektum t\u00e1mogatta.<\/span><\/p> <p style=\"text-align: justify;\"><span style=\"font-family: 'trebuchet ms', geneva, sans-serif; font-size: 12pt;\">2013-ban \u00e9s 2014-ben a Ment\u00e1lhigi\u00e9n\u00e9s K\u00f6zpont \u00f6nk\u00e9ntes alapon m\u0171k\u00f6dik t\u00e1mogat\u00e1s hi\u00e1ny\u00e1ban. A t\u00e1mogatottak havonk\u00e9nt \u00f6sszej\u00f6nnek egy pszichol\u00f3gus vezet\u00e9s\u00e9vel \u00e9s t\u00f6rekszenek elker\u00fclni a visszaes\u00e9st.<\/span><\/p> <p style=\"text-align: justify;\"><span style=\"text-decoration: underline; font-size: 14pt;\"><strong><span style=\"font-family: 'trebuchet ms', geneva, sans-serif;\">INFO CENTAR \u2013- AZ ID\u0150SEK GONDOZ\u00c1S\u00c1NAK K\u00d6ZPONTJA<\/span><\/strong><\/span><\/p> <p style=\"text-align: justify;\"><span style=\"font-family: 'trebuchet ms', geneva, sans-serif; font-size: 12pt;\">Ezt a k\u00f6zpontot a V\u00e1rosi korm\u00e1nyzat alap\u00edtotta \u00e9s p\u00e9nzeli \u00e9s a V\u00f6r\u00f6skereszt \u00e9p\u00fclet\u00e9ben m\u0171k\u00f6dik. A k\u00f6zpont feladata az id\u0151sek szoci\u00e1lis ell\u00e1t\u00e1s\u00e1t koordin\u00e1lni, az ilyen jelleg\u0171 telefonh\u00edv\u00e1sokat fogadni, majd az ig\u00e9nyl\u0151t \u00e1tir\u00e1ny\u00edtani ahhoz a szervezethez, ahol seg\u00edteni tudnak neki: ECHO, V\u00f6r\u00f6skereszt, Caritas, stb. Karbantartja \u00e9s kieg\u00e9sz\u00edti a h\u00edv\u00e1sok adatt\u00e1r\u00e1t.<\/span><\/p> <p style=\"text-align: justify;\"><span style=\"font-family: 'trebuchet ms', geneva, sans-serif; font-size: 12pt;\">K\u00e9t k\u00e9pz\u00e9st szervezett az Info-centar: A demenci\u00f3r\u00f3l \u00e9s a s\u00fcrg\u0151s esetek rendez\u00e9s\u00e9nek szab\u00e1lyair\u00f3l az \u00dajvid\u00e9ki H\u00e1zigy\u00f3gy\u00edt\u00e1s Szolg\u00e1lat\u00e1val egy\u00fcttm\u0171k\u00f6dve.<\/span><\/p> <p style=\"text-align: justify;\"><span style=\"font-family: 'trebuchet ms', geneva, sans-serif; font-size: 12pt;\">Az InfoCentaron kereszt\u00fcl a V\u00e1ros egy terepi munk\u00e1s b\u00e9r\u00e9t biztos\u00edtja Caritasn\u00e1l.<\/span><\/p> <h3>Related Images:<\/h3>","protected":false},"excerpt":{"rendered":"<p>Az \u00dajvid\u00e9ki Esperesker\u00fcleti Caritas 2000 \u00f3ta tev\u00e9keny a humanit\u00e1rius \u00e9s szoci\u00e1lis gondoskod\u00e1s ter\u00fclet\u00e9n. T\u00f6bb f\u00e9le projektumot megval\u00f3s\u00edtott, k\u00f6z\u00fcl\u00fck a fontosabbak: H\u00e1zi gondoz\u00e1s \u00e9s \u00e1pol\u00e1s Id\u0151sek napk\u00f6zije Montessori napk\u00f6zi gyermekek r\u00e9sz\u00e9re Ment\u00e1lhigi\u00e9n\u00e9s napk\u00f6zi Infocentar &#8211; az id\u0151sekr\u0151l val\u00f3 gondoskod\u00e1s k\u00f6zpontja &#8211; v\u00e1rosi alap\u00edt\u00e1s\u00fa. H\u00c1ZI GONDOZ\u00c1S \u00c9S \u00c1POL\u00c1S Az \u00dajvid\u00e9ki Esperesker\u00fcleti Caritas &#8220;H\u00e1zi gondoz\u00e1s \u00e9s \u00e1pol\u00e1s&#8221; szolg\u00e1lat\u00e1nak [&hellip;]<\/p>\n","protected":false},"author":1,"featured_media":0,"parent":93,"menu_order":0,"comment_status":"closed","ping_status":"closed","template":"","meta":{"ngg_post_thumbnail":0,"footnotes":""},"class_list":["post-134","page","type-page","status-publish","hentry"],"_links":{"self":[{"href":"https:\/\/www.caritas-su.org.rs\/index.php?rest_route=\/wp\/v2\/pages\/134","targetHints":{"allow":["GET"]}}],"collection":[{"href":"https:\/\/www.caritas-su.org.rs\/index.php?rest_route=\/wp\/v2\/pages"}],"about":[{"href":"https:\/\/www.caritas-su.org.rs\/index.php?rest_route=\/wp\/v2\/types\/page"}],"author":[{"embeddable":true,"href":"https:\/\/www.caritas-su.org.rs\/index.php?rest_route=\/wp\/v2\/users\/1"}],"replies":[{"embeddable":true,"href":"https:\/\/www.caritas-su.org.rs\/index.php?rest_route=%2Fwp%2Fv2%2Fcomments&post=134"}],"version-history":[{"count":4,"href":"https:\/\/www.caritas-su.org.rs\/index.php?rest_route=\/wp\/v2\/pages\/134\/revisions"}],"predecessor-version":[{"id":555,"href":"https:\/\/www.caritas-su.org.rs\/index.php?rest_route=\/wp\/v2\/pages\/134\/revisions\/555"}],"up":[{"embeddable":true,"href":"https:\/\/www.caritas-su.org.rs\/index.php?rest_route=\/wp\/v2\/pages\/93"}],"wp:attachment":[{"href":"https:\/\/www.caritas-su.org.rs\/index.php?rest_route=%2Fwp%2Fv2%2Fmedia&parent=134"}],"curies":[{"name":"wp","href":"https:\/\/api.w.org\/{rel}","templated":true}]}}