{"id":131,"date":"2013-04-30T00:25:20","date_gmt":"2013-04-29T21:56:46","guid":{"rendered":"http:\/\/www.caritas-su.org.rs\/?page_id=131"},"modified":"2015-05-28T11:50:44","modified_gmt":"2015-05-28T09:50:44","slug":"becej","status":"publish","type":"page","link":"https:\/\/www.caritas-su.org.rs\/?page_id=131","title":{"rendered":"Be\u010dej"},"content":{"rendered":"<p style=\"text-align: justify;\"><span style=\"font-family: 'trebuchet ms', geneva, sans-serif; font-size: 12pt;\">Pokojni orgulja\u0161 u Be\u010deju je u svojoj oporuci ostavio Caritasu Subotica jednu obiteljsku ku\u0107u sa ciljem da se tamo organizira socijalna slu\u017eba. Na temelju razgovora sa \u017eupnicima, imaju\u0107i pred o\u010dima Strate\u0161ki plan op\u0161tine za razvoj socijalnih usluga odlu\u010dili smo: otvorit \u0107e se dnevni centar za psihi\u010dki\/fizi\u010dki hendikepirane mla\u0111e osobe. Donacijom Caritasa Aosta je 2008-2009. zgrada obnovljena i adaptirana. Izgra\u0111ene su rampe za prilaz sa bolesni\u010dkim kolicima, velika zajedni\u010dka prostorija, kancelarija, kuhinja i dvije prostorije za radnu okupaciju i kupatilo prilago\u0111eno ljudima sa posebnim potrebama. Zgrada je dobila novu vodovodnu i elektri\u010dnu instalaciju, centralno grijanje na gas. Krov zgrade je u potpunosti obnovljen.<\/span><\/p> <p style=\"text-align: justify;\"><span style=\"font-family: 'trebuchet ms', geneva, sans-serif; font-size: 12pt;\">Fondacija Csilla von Boeselager je donirala namje\u0161taj i potrebnu opremu. Iz Subotice smo stavili na raspolaganje jedna kola za prijevoz korisnika.<\/span><\/p> <p style=\"text-align: justify;\"><span style=\"font-family: 'trebuchet ms', geneva, sans-serif; font-size: 12pt;\">Nakon konzultacije sa \u017eupnicima grada odlu\u010dili smo da za\u0161titnik dnevnog centra bude Sveti Rok.<\/span><\/p> <p style=\"text-align: justify;\"><span style=\"font-family: 'trebuchet ms', geneva, sans-serif; font-size: 12pt;\">Dnevni centar je zapo\u010deo rad 10. 10. 2009. godine, na Svjetski dan mentalnog zdravlja. U dnevnom\u00a0 centru je bilo zaposleno tri suradnika a korisnika 15-20. Samouprava grada je preuzela re\u017eijske tro\u0161kove, a Caritas Aosta je finansirala rad suradnika do 2012. godine. Od 2013. dnevni centar djeluje na dobrovoljnoj bazi, jer nismo dobili podr\u0161ku za pla\u0107u zaposlenih.<\/span><\/p> <h3>Related Images:<\/h3>","protected":false},"excerpt":{"rendered":"<p>Pokojni orgulja\u0161 u Be\u010deju je u svojoj oporuci ostavio Caritasu Subotica jednu obiteljsku ku\u0107u sa ciljem da se tamo organizira socijalna slu\u017eba. Na temelju razgovora sa \u017eupnicima, imaju\u0107i pred o\u010dima Strate\u0161ki plan op\u0161tine za razvoj socijalnih usluga odlu\u010dili smo: otvorit \u0107e se dnevni centar za psihi\u010dki\/fizi\u010dki hendikepirane mla\u0111e osobe. Donacijom Caritasa Aosta je 2008-2009. zgrada [&hellip;]<\/p>\n","protected":false},"author":1,"featured_media":0,"parent":96,"menu_order":0,"comment_status":"closed","ping_status":"closed","template":"","meta":{"ngg_post_thumbnail":0,"footnotes":""},"class_list":["post-131","page","type-page","status-publish","hentry"],"_links":{"self":[{"href":"https:\/\/www.caritas-su.org.rs\/index.php?rest_route=\/wp\/v2\/pages\/131","targetHints":{"allow":["GET"]}}],"collection":[{"href":"https:\/\/www.caritas-su.org.rs\/index.php?rest_route=\/wp\/v2\/pages"}],"about":[{"href":"https:\/\/www.caritas-su.org.rs\/index.php?rest_route=\/wp\/v2\/types\/page"}],"author":[{"embeddable":true,"href":"https:\/\/www.caritas-su.org.rs\/index.php?rest_route=\/wp\/v2\/users\/1"}],"replies":[{"embeddable":true,"href":"https:\/\/www.caritas-su.org.rs\/index.php?rest_route=%2Fwp%2Fv2%2Fcomments&post=131"}],"version-history":[{"count":1,"href":"https:\/\/www.caritas-su.org.rs\/index.php?rest_route=\/wp\/v2\/pages\/131\/revisions"}],"predecessor-version":[{"id":543,"href":"https:\/\/www.caritas-su.org.rs\/index.php?rest_route=\/wp\/v2\/pages\/131\/revisions\/543"}],"up":[{"embeddable":true,"href":"https:\/\/www.caritas-su.org.rs\/index.php?rest_route=\/wp\/v2\/pages\/96"}],"wp:attachment":[{"href":"https:\/\/www.caritas-su.org.rs\/index.php?rest_route=%2Fwp%2Fv2%2Fmedia&parent=131"}],"curies":[{"name":"wp","href":"https:\/\/api.w.org\/{rel}","templated":true}]}}