{"id":123,"date":"2013-04-29T23:52:17","date_gmt":"2013-04-29T21:52:17","guid":{"rendered":"http:\/\/www.caritas-su.org.rs\/?page_id=123"},"modified":"2015-05-28T11:38:50","modified_gmt":"2015-05-28T09:38:50","slug":"kanjiza","status":"publish","type":"page","link":"https:\/\/www.caritas-su.org.rs\/?page_id=123","title":{"rendered":"Kanji\u017ea"},"content":{"rendered":"<p style=\"text-align: justify;\"><span style=\"font-family: 'trebuchet ms', geneva, sans-serif; font-size: 12pt;\">Auf dem Gebiet der Gemeinde Kanji\u017ea begann Caritas Subotica im Sommer 2009 mit dem Aufbau des Hauspflegedienstes. Der Hauspflegedienst begann offiziell mit der Arbeit am 08.07.2009 in Kanji\u017ea und in Horgo\u0161. In der Organisation des Dienstes nahmen aktiv teil die Gemeindevertreter von Kanji\u017ea, das \u00f6rtliche Rote Kreuz, das Zentrum f\u00fcr Sozialschutz, das Gesundheitszentrum Kanji\u017ea, das Zentrum f\u00fcr Sozialdienst sowie Vertreter der Caritas Subotica.<\/span><\/p> <p style=\"text-align: justify;\"><span style=\"font-family: 'trebuchet ms', geneva, sans-serif; font-size: 12pt;\">Caritas Subotica gewann im Jahr 2009 eine Bewerbung f\u00fcr gemeinn\u00fctzige Arbeit bei dem Sekretariat f\u00fcr Arbeit, Besch\u00e4ftigung und die Gleichstellung der Geschlechter. Dieses Projekt erm\u00f6glichte f\u00fcr vier Besch\u00e4ftigte die Arbeit in der Dauer von 6 Monaten. Die Gemeinde Kanji\u017ea sicherte ein B\u00fcro f\u00fcr den Dienst im Geb\u00e4ude des Roten Kreuzes. Das B\u00fcro hat eine ausgezeichnete und leicht erreichbare Lokation.<\/span><\/p> <p style=\"text-align: justify;\"><span style=\"font-family: 'trebuchet ms', geneva, sans-serif; font-size: 12pt;\">Der Hauspflegedienst in Kanji\u017ea ist mit vier Mitarbeitern ins Leben gerufen, die 5, kranke und invalide Menschen versorgten. Am 01.08.2011. erweiterte sich der Dienst um weitere f\u00fcnf Mitarbeiter. Bis Ende 2011 so erleichterte der Dienst und das Leben im Alltag von 100 bed\u00fcrftigen Menschen. Schon von dieser Zeit an waren die Dienstleistungen der Caritas in Kanji\u017ea, Horgo\u0161, Martono\u0161, Orom, Tre\u0161njevac und Male Pijace erreichbar.<\/span><\/p> <p style=\"text-align: justify;\"><span style=\"font-family: 'trebuchet ms', geneva, sans-serif; font-size: 12pt;\">Das erste Projekt sicherte dem Dienst Fahrr\u00e4der, Blutdruckmesser, medizinisches Verbrauchsmaterial und Telefone.<\/span><\/p> <h3>Related Images:<\/h3>","protected":false},"excerpt":{"rendered":"<p>Auf dem Gebiet der Gemeinde Kanji\u017ea begann Caritas Subotica im Sommer 2009 mit dem Aufbau des Hauspflegedienstes. Der Hauspflegedienst begann offiziell mit der Arbeit am 08.07.2009 in Kanji\u017ea und in Horgo\u0161. In der Organisation des Dienstes nahmen aktiv teil die Gemeindevertreter von Kanji\u017ea, das \u00f6rtliche Rote Kreuz, das Zentrum f\u00fcr Sozialschutz, das Gesundheitszentrum Kanji\u017ea, das [&hellip;]<\/p>\n","protected":false},"author":1,"featured_media":0,"parent":95,"menu_order":0,"comment_status":"closed","ping_status":"closed","template":"","meta":{"ngg_post_thumbnail":0,"footnotes":""},"class_list":["post-123","page","type-page","status-publish","hentry"],"_links":{"self":[{"href":"https:\/\/www.caritas-su.org.rs\/index.php?rest_route=\/wp\/v2\/pages\/123","targetHints":{"allow":["GET"]}}],"collection":[{"href":"https:\/\/www.caritas-su.org.rs\/index.php?rest_route=\/wp\/v2\/pages"}],"about":[{"href":"https:\/\/www.caritas-su.org.rs\/index.php?rest_route=\/wp\/v2\/types\/page"}],"author":[{"embeddable":true,"href":"https:\/\/www.caritas-su.org.rs\/index.php?rest_route=\/wp\/v2\/users\/1"}],"replies":[{"embeddable":true,"href":"https:\/\/www.caritas-su.org.rs\/index.php?rest_route=%2Fwp%2Fv2%2Fcomments&post=123"}],"version-history":[{"count":2,"href":"https:\/\/www.caritas-su.org.rs\/index.php?rest_route=\/wp\/v2\/pages\/123\/revisions"}],"predecessor-version":[{"id":533,"href":"https:\/\/www.caritas-su.org.rs\/index.php?rest_route=\/wp\/v2\/pages\/123\/revisions\/533"}],"up":[{"embeddable":true,"href":"https:\/\/www.caritas-su.org.rs\/index.php?rest_route=\/wp\/v2\/pages\/95"}],"wp:attachment":[{"href":"https:\/\/www.caritas-su.org.rs\/index.php?rest_route=%2Fwp%2Fv2%2Fmedia&parent=123"}],"curies":[{"name":"wp","href":"https:\/\/api.w.org\/{rel}","templated":true}]}}