{"id":122,"date":"2013-04-29T23:52:17","date_gmt":"2013-04-29T21:52:00","guid":{"rendered":"http:\/\/www.caritas-su.org.rs\/?page_id=122"},"modified":"2015-05-28T11:38:13","modified_gmt":"2015-05-28T09:38:13","slug":"kanjiza","status":"publish","type":"page","link":"https:\/\/www.caritas-su.org.rs\/?page_id=122","title":{"rendered":"Kanji\u017ea"},"content":{"rendered":"<p style=\"text-align: justify;\"><span style=\"font-size: 12pt; font-family: 'trebuchet ms', geneva, sans-serif;\">The Caritas of Subotica established the home care service in the summer of 2009 on the territory of the municipality of Kanji\u017ea. The home care service officially became operational on 08 of July 2009 in Kanji\u017ea and Horgo\u0161. In organizing the service representatives of the Kanji\u017ea Local Government and the local Red Cross, Centre for Social Protection, Health Center of Kanji\u017ea, the Centre for Social Services, as well as representatives of the Caritas of Subotica were actively involved.<\/span><\/p> <p style=\"text-align: justify;\"><span style=\"font-size: 12pt; font-family: 'trebuchet ms', geneva, sans-serif;\">Caritas Subotica won a tender of Labour, Employment and Gender Equality Secretariat of Autonomous Province of Vojvodina for public works.This project enabled the work for four employees for a six months period. The municipality the Red Cross of Kanji\u017ea provided the office building for the service. The office is on excellent and easily accessible location.<\/span><\/p> <p style=\"text-align: justify;\"><span style=\"font-size: 12pt; font-family: 'trebuchet ms', geneva, sans-serif;\">Kanji\u017ea home-care service was launched by four employees, who provided 50 elderly, sick and disabled people. On 01.08.2011, the service has been extended by a further five employees. Therefore at the end of 2011, the home-care service has made every day live of hundreds of people easier, more pleasant and more livable. At that time, Caritas services in Kanji\u017ea, Horgo\u0161, Martono\u0161, Orom, Tre\u0161njevac and Male Pijace were also available.<\/span><\/p> <p style=\"text-align: justify;\"><span style=\"font-size: 12pt; font-family: 'trebuchet ms', geneva, sans-serif;\">The service was initially equipped by bicycles, blood pressure gauges, medical consumables and telephones were installed.<\/span><\/p> <h3>Related Images:<\/h3>","protected":false},"excerpt":{"rendered":"<p>The Caritas of Subotica established the home care service in the summer of 2009 on the territory of the municipality of Kanji\u017ea. The home care service officially became operational on 08 of July 2009 in Kanji\u017ea and Horgo\u0161. In organizing the service representatives of the Kanji\u017ea Local Government and the local Red Cross, Centre for [&hellip;]<\/p>\n","protected":false},"author":1,"featured_media":0,"parent":94,"menu_order":0,"comment_status":"closed","ping_status":"closed","template":"","meta":{"ngg_post_thumbnail":0,"footnotes":""},"class_list":["post-122","page","type-page","status-publish","hentry"],"_links":{"self":[{"href":"https:\/\/www.caritas-su.org.rs\/index.php?rest_route=\/wp\/v2\/pages\/122","targetHints":{"allow":["GET"]}}],"collection":[{"href":"https:\/\/www.caritas-su.org.rs\/index.php?rest_route=\/wp\/v2\/pages"}],"about":[{"href":"https:\/\/www.caritas-su.org.rs\/index.php?rest_route=\/wp\/v2\/types\/page"}],"author":[{"embeddable":true,"href":"https:\/\/www.caritas-su.org.rs\/index.php?rest_route=\/wp\/v2\/users\/1"}],"replies":[{"embeddable":true,"href":"https:\/\/www.caritas-su.org.rs\/index.php?rest_route=%2Fwp%2Fv2%2Fcomments&post=122"}],"version-history":[{"count":4,"href":"https:\/\/www.caritas-su.org.rs\/index.php?rest_route=\/wp\/v2\/pages\/122\/revisions"}],"predecessor-version":[{"id":535,"href":"https:\/\/www.caritas-su.org.rs\/index.php?rest_route=\/wp\/v2\/pages\/122\/revisions\/535"}],"up":[{"embeddable":true,"href":"https:\/\/www.caritas-su.org.rs\/index.php?rest_route=\/wp\/v2\/pages\/94"}],"wp:attachment":[{"href":"https:\/\/www.caritas-su.org.rs\/index.php?rest_route=%2Fwp%2Fv2%2Fmedia&parent=122"}],"curies":[{"name":"wp","href":"https:\/\/api.w.org\/{rel}","templated":true}]}}