{"id":121,"date":"2013-04-29T23:52:17","date_gmt":"2013-04-29T21:51:36","guid":{"rendered":"http:\/\/www.caritas-su.org.rs\/?page_id=121"},"modified":"2015-05-28T11:36:32","modified_gmt":"2015-05-28T09:36:32","slug":"kanjiza","status":"publish","type":"page","link":"https:\/\/www.caritas-su.org.rs\/?page_id=121","title":{"rendered":"Kanji\u017ea"},"content":{"rendered":"<p style=\"text-align: justify;\"><span style=\"font-family: 'trebuchet ms', geneva, sans-serif; font-size: 12pt;\">Na podru\u010dju op\u0161tine Kanji\u017ea je Caritas Subotica po\u010deo organizirati slu\u017ebu pomo\u0107i u ku\u0107i i bazi\u010dne nege u ljeto 2009. godine. Ta slu\u017eba je slu\u017ebeno zapo\u010dela rad 07. 08. 2009. na teritoriji Kanji\u017ee i Horgo\u0161a. U organiziranju slu\u017ebe su aktivno sudjelovali: Predstavnici samouprave, Crveni krst, Centar za socijalni rad, Dom zdravlja i Caritas Subotica.<\/span><\/p> <p style=\"text-align: justify;\"><span style=\"font-family: 'trebuchet ms', geneva, sans-serif; font-size: 12pt;\">Caritas je 2009. godine pro\u0161ao na konkursu Pokrajinskog sekretarijata za rad, zapo\u0161ljavanje i jednakost polova. Tim sredstvima je finansirano zapo\u0161ljavanje 4 radnika kroz 6 mjeseci, koji su poslu\u017eivali 50 korisnika. Samouprava je u zgradi koju koristi Crveni krst osigurao mjesto za kancelariju. Daljnje finansiranje je u nadle\u017enosti op\u0161tine.<\/span><\/p> <p style=\"text-align: justify;\"><span style=\"font-family: 'trebuchet ms', geneva, sans-serif; font-size: 12pt;\">Augusta 2011. godine je op\u0161tina udvostru\u010dila sredstva za slu\u017ebu i od tada imamo oko 100 korisnika, na podru\u010dju Kanji\u017ee, Horgo\u0161a, Martono\u0161a, Oroma, S.Tre\u0161njevca i Malih Pijaca.<\/span><\/p> <p style=\"text-align: justify;\"><span style=\"font-family: 'trebuchet ms', geneva, sans-serif; font-size: 12pt;\">Slu\u017eba je opremljena biciklama, aparatima za mjerenje pritiska i \u0161e\u0107era u krvi, potro\u0161nim higijenskim materijalom i mobilnim telefonima.<\/span><\/p> <h3>Related Images:<\/h3>","protected":false},"excerpt":{"rendered":"<p>Na podru\u010dju op\u0161tine Kanji\u017ea je Caritas Subotica po\u010deo organizirati slu\u017ebu pomo\u0107i u ku\u0107i i bazi\u010dne nege u ljeto 2009. godine. Ta slu\u017eba je slu\u017ebeno zapo\u010dela rad 07. 08. 2009. na teritoriji Kanji\u017ee i Horgo\u0161a. U organiziranju slu\u017ebe su aktivno sudjelovali: Predstavnici samouprave, Crveni krst, Centar za socijalni rad, Dom zdravlja i Caritas Subotica. Caritas je [&hellip;]<\/p>\n","protected":false},"author":1,"featured_media":0,"parent":96,"menu_order":0,"comment_status":"closed","ping_status":"closed","template":"","meta":{"ngg_post_thumbnail":0,"footnotes":""},"class_list":["post-121","page","type-page","status-publish","hentry"],"_links":{"self":[{"href":"https:\/\/www.caritas-su.org.rs\/index.php?rest_route=\/wp\/v2\/pages\/121","targetHints":{"allow":["GET"]}}],"collection":[{"href":"https:\/\/www.caritas-su.org.rs\/index.php?rest_route=\/wp\/v2\/pages"}],"about":[{"href":"https:\/\/www.caritas-su.org.rs\/index.php?rest_route=\/wp\/v2\/types\/page"}],"author":[{"embeddable":true,"href":"https:\/\/www.caritas-su.org.rs\/index.php?rest_route=\/wp\/v2\/users\/1"}],"replies":[{"embeddable":true,"href":"https:\/\/www.caritas-su.org.rs\/index.php?rest_route=%2Fwp%2Fv2%2Fcomments&post=121"}],"version-history":[{"count":1,"href":"https:\/\/www.caritas-su.org.rs\/index.php?rest_route=\/wp\/v2\/pages\/121\/revisions"}],"predecessor-version":[{"id":534,"href":"https:\/\/www.caritas-su.org.rs\/index.php?rest_route=\/wp\/v2\/pages\/121\/revisions\/534"}],"up":[{"embeddable":true,"href":"https:\/\/www.caritas-su.org.rs\/index.php?rest_route=\/wp\/v2\/pages\/96"}],"wp:attachment":[{"href":"https:\/\/www.caritas-su.org.rs\/index.php?rest_route=%2Fwp%2Fv2%2Fmedia&parent=121"}],"curies":[{"name":"wp","href":"https:\/\/api.w.org\/{rel}","templated":true}]}}