{"id":110,"date":"2013-04-29T23:50:01","date_gmt":"2013-04-29T21:45:14","guid":{"rendered":"http:\/\/www.caritas-su.org.rs\/?page_id=110"},"modified":"2015-05-28T11:20:43","modified_gmt":"2015-05-28T09:20:43","slug":"kishegyes","status":"publish","type":"page","link":"https:\/\/www.caritas-su.org.rs\/?page_id=110","title":{"rendered":"Kishegyes"},"content":{"rendered":"<p style=\"text-align: justify;\"><span style=\"font-size: 12pt; font-family: 'trebuchet ms', geneva, sans-serif;\">A Szabadkai Caritas 2008. augusztus 1-j\u00e9n hozta l\u00e9tre a h\u00e1zi-\u00e1pol\u00e1s\u00a0 szolg\u00e1lat\u00e1t Kishegyes k\u00f6zs\u00e9g ter\u00fclet\u00e9n.<\/span><\/p> <p style=\"text-align: justify;\"><span style=\"font-size: 12pt; font-family: 'trebuchet ms', geneva, sans-serif;\">A szolg\u00e1lat l\u00e9trej\u00f6tt\u00e9t Vajdas\u00e1g Auton\u00f3m Tartom\u00e1ny Eg\u00e9szs\u00e9g\u00fcgyi \u00e9s Szoci\u00e1lis V\u00e9delmi Titk\u00e1rs\u00e1g\u00e1nak, Kishegyes k\u00f6zs\u00e9g polg\u00e1rmester\u00e9nek \u00e9s az \u00dajvid\u00e9ki Esperesi ker\u00fclet Caritas\u00e1nak k\u00f6sz\u00f6nheti. A szolg\u00e1latot el\u0151k\u00e9sz\u00edt\u0151 tev\u00e9kenys\u00e9gben Kishegyes k\u00f6zs\u00e9g k\u00e9pvisel\u0151i, a Kishegyesi Eg\u00e9szs\u00e9gh\u00e1z, a kishegyesi Szoci\u00e1lis Munkak\u00f6zpont valamint a k\u00f6zs\u00e9g N\u0151i F\u00f3ruma vett r\u00e9szt.<\/span><\/p> <p style=\"text-align: justify;\"><span style=\"font-size: 12pt; font-family: 'trebuchet ms', geneva, sans-serif;\">Az els\u0151 \u00f6t h\u00f3napban a Szabadkai Caritas biztos\u00edtotta k\u00e9t alkalmazott fizet\u00e9s\u00e9t, majd ezen id\u0151szak elm\u00falt\u00e1val a tev\u00e9kenys\u00e9g folytat\u00e1s\u00e1ra \u00e9s a szolg\u00e1lat fejleszt\u00e9s\u00e9re Kishegyes k\u00f6zs\u00e9g biztos\u00edtotta forr\u00e1sokat. 2009-ben a Szoci\u00e1lis \u00daj\u00edt\u00e1sok Alap (Fond za socijalne inovacije) eszk\u00f6zeib\u0151l szereltek fel egy irod\u00e1t, szereztek ker\u00e9kp\u00e1rokat, sz\u00fcks\u00e9ges eg\u00e9szs\u00e9g\u00fcgyi felszerel\u00e9seket, \u00e9s higi\u00e9niai anyagokat, telefonokat, \u00e9s egy terepj\u00e1r\u00f3t is. Ez \u00e9vben kezd\u0151d\u00f6tt az intenz\u00edv egy\u00fcttm\u0171k\u00f6d\u00e9s a Kishegyesi N\u0151i F\u00f3rummal. A 2010-t\u0151l a Szolg\u00e1lat m\u0171k\u00f6d\u00e9s\u00e9t teljes eg\u00e9sz\u00e9ben Kishegyes k\u00f6zs\u00e9g finansz\u00edrozta a k\u00f6zs\u00e9gi k\u00f6lts\u00e9gvet\u00e9s\u00e9b\u0151l. Kishegyes k\u00f6zs\u00e9g a Munka\u00fcgyi \u00e9s Szoci\u00e1lpolitikai miniszt\u00e9rium p\u00e1ly\u00e1zat\u00e1n sikeresen elnyert anyagi eszk\u00f6z\u00f6kkel b\u0151v\u00edtette a szolg\u00e1latot. Ennek a projektnek k\u00f6sz\u00f6nhet\u0151en a Caritas megdupl\u00e1zta a kapacit\u00e1s\u00e1t, hasonl\u00f3an a Kishegyesi N\u0151i F\u00f3rum is, akik alkalmaztak egy-egy falugondnokot minden telep\u00fcl\u00e9sen. A h\u00e1zi-\u00e1pol\u00e1s szolg\u00e1lat a munk\u00e1j\u00e1t a falugondnokokkal \u00f6sszhangban v\u00e9gzik \u00e9s folyamatosan seg\u00edtik egym\u00e1st.<\/span><\/p> <h3>Related Images:<\/h3>","protected":false},"excerpt":{"rendered":"<p>A Szabadkai Caritas 2008. augusztus 1-j\u00e9n hozta l\u00e9tre a h\u00e1zi-\u00e1pol\u00e1s\u00a0 szolg\u00e1lat\u00e1t Kishegyes k\u00f6zs\u00e9g ter\u00fclet\u00e9n. A szolg\u00e1lat l\u00e9trej\u00f6tt\u00e9t Vajdas\u00e1g Auton\u00f3m Tartom\u00e1ny Eg\u00e9szs\u00e9g\u00fcgyi \u00e9s Szoci\u00e1lis V\u00e9delmi Titk\u00e1rs\u00e1g\u00e1nak, Kishegyes k\u00f6zs\u00e9g polg\u00e1rmester\u00e9nek \u00e9s az \u00dajvid\u00e9ki Esperesi ker\u00fclet Caritas\u00e1nak k\u00f6sz\u00f6nheti. A szolg\u00e1latot el\u0151k\u00e9sz\u00edt\u0151 tev\u00e9kenys\u00e9gben Kishegyes k\u00f6zs\u00e9g k\u00e9pvisel\u0151i, a Kishegyesi Eg\u00e9szs\u00e9gh\u00e1z, a kishegyesi Szoci\u00e1lis Munkak\u00f6zpont valamint a k\u00f6zs\u00e9g N\u0151i F\u00f3ruma vett [&hellip;]<\/p>\n","protected":false},"author":1,"featured_media":0,"parent":93,"menu_order":0,"comment_status":"closed","ping_status":"closed","template":"","meta":{"ngg_post_thumbnail":0,"footnotes":""},"class_list":["post-110","page","type-page","status-publish","hentry"],"_links":{"self":[{"href":"https:\/\/www.caritas-su.org.rs\/index.php?rest_route=\/wp\/v2\/pages\/110","targetHints":{"allow":["GET"]}}],"collection":[{"href":"https:\/\/www.caritas-su.org.rs\/index.php?rest_route=\/wp\/v2\/pages"}],"about":[{"href":"https:\/\/www.caritas-su.org.rs\/index.php?rest_route=\/wp\/v2\/types\/page"}],"author":[{"embeddable":true,"href":"https:\/\/www.caritas-su.org.rs\/index.php?rest_route=\/wp\/v2\/users\/1"}],"replies":[{"embeddable":true,"href":"https:\/\/www.caritas-su.org.rs\/index.php?rest_route=%2Fwp%2Fv2%2Fcomments&post=110"}],"version-history":[{"count":2,"href":"https:\/\/www.caritas-su.org.rs\/index.php?rest_route=\/wp\/v2\/pages\/110\/revisions"}],"predecessor-version":[{"id":522,"href":"https:\/\/www.caritas-su.org.rs\/index.php?rest_route=\/wp\/v2\/pages\/110\/revisions\/522"}],"up":[{"embeddable":true,"href":"https:\/\/www.caritas-su.org.rs\/index.php?rest_route=\/wp\/v2\/pages\/93"}],"wp:attachment":[{"href":"https:\/\/www.caritas-su.org.rs\/index.php?rest_route=%2Fwp%2Fv2%2Fmedia&parent=110"}],"curies":[{"name":"wp","href":"https:\/\/api.w.org\/{rel}","templated":true}]}}