{"id":107,"date":"2013-04-29T23:44:43","date_gmt":"2013-04-29T21:44:14","guid":{"rendered":"http:\/\/www.caritas-su.org.rs\/?page_id=107"},"modified":"2015-05-28T11:18:16","modified_gmt":"2015-05-28T09:18:16","slug":"zenta","status":"publish","type":"page","link":"https:\/\/www.caritas-su.org.rs\/?page_id=107","title":{"rendered":"Senta"},"content":{"rendered":"<p style=\"text-align: justify;\"><span style=\"text-decoration: underline; font-size: 14pt;\"><strong><span style=\"font-family: 'trebuchet ms', geneva, sans-serif;\">NARODNA KUHINJA<\/span><\/strong><\/span><\/p> <p style=\"text-align: justify;\"><span style=\"font-family: 'trebuchet ms', geneva, sans-serif; font-size: 12pt;\">Caritas \u017eupe svete Terezije u Senti je otvorio narodnu kuhinju 1990. godine, sa dva zaposlena i voza\u010dem. Za vrijeme \u0161kolske godine se pripravi oko 450 do 500 obroka dnevno. Od toga u tri osnovne \u0161kole 250-300 djece dobiva ru\u010dak, 25-30 \u010dlanova radionice \u201eVjera i svjetlo\u201c a ostali su stariji, ve\u0107inom bolesni, nemo\u0107ni i siroma\u0161ni. Od po\u010detaka hranu dijele volonteri po unaprijed odre\u0111enom redu. Sada ih je 6.<\/span><\/p> <p style=\"text-align: justify;\"><span style=\"text-decoration: underline; font-size: 14pt;\"><strong><span style=\"font-family: 'trebuchet ms', geneva, sans-serif;\">POMO\u0106 U KU\u0106I I BAZI\u010cNA NEGA<\/span><\/strong><\/span><\/p> <p style=\"text-align: justify;\"><span style=\"font-family: 'trebuchet ms', geneva, sans-serif; font-size: 12pt;\">Caritas Subotica je 2008. pokrenuo slu\u017ebu pomo\u0107i u ku\u0107i i bazi\u010dne nege na teritoriji Sente. Rad je slu\u017ebeno zapo\u010det 1. 02. 2008.<\/span><\/p> <p style=\"text-align: justify;\"><span style=\"font-family: 'trebuchet ms', geneva, sans-serif; font-size: 12pt;\">U pripremnim radnjama organiziranja Slu\u017ebe su sudjelovali: Gradsko vodstvo, Razvojna agencija Austrije (ADA), Caritas Linz, Caritas Subotica, Dom zdravlja i Centar za socijalni rad u Senti.<\/span><\/p> <p style=\"text-align: justify;\"><span style=\"font-family: 'trebuchet ms', geneva, sans-serif; font-size: 12pt;\">Razvojna agencija Austrije i Caritas Linz su osigurali sredstva za rad 8 zaposlenih kroz dvije i pol godine. Op\u0161tina Senta je dala prostorije za kancelariju i sve do danas snosi i re\u017eijske tro\u0161kove te prostorije. Slu\u017eba je organizirana po primjeru slu\u017ebe u Subotici.<\/span><\/p> <p style=\"text-align: justify;\"><span style=\"font-family: 'trebuchet ms', geneva, sans-serif; font-size: 12pt;\">Rad je zapo\u010deo 1. februara 2008. sa \u010detiri zaposlena, koji su poslu\u017eivali 50 korisnika. Po\u010detkom jula su zaposlene jo\u0161 4 osobe, koje su poslu\u017eivale novih 50 korisnika. Za potrebe Slu\u017ebe i opremanje kancelarije smo sredstva dobili po projektu, a za suradnike bicikle, ki\u0161ne kabanice, aparate za mjerenje pritiska, mobilne telefone. Dobrotom darodavca iz Belgije, Slu\u017eba je dobila kola za odlazak na sala\u0161e i sela u okolini Sente. Nakon dvije i po godine\u00a0 30. juna 2010. op\u0161tina Senta je preuzela polovinu izdataka, a drugu polovinu osigurava Caritas Linz. Tri volontera redovito posje\u0107uje stare i bolesne. Razgovaraju sa njima, donesu im lijekove, odu u kupovinu, odnesu im ru\u010dak iz narodne kuhinje. Prate i one koji vi\u0161e ne mogu dolaziti u dnevni centar Caritasa.<\/span><\/p> <p style=\"text-align: justify;\"><span style=\"text-decoration: underline;\"><strong><span style=\"font-family: 'trebuchet ms', geneva, sans-serif; font-size: 14pt;\">DNEVNI CENTAR ZA STARE<\/span><\/strong><\/span><\/p> <p style=\"text-align: justify;\"><span style=\"font-family: 'trebuchet ms', geneva, sans-serif; font-size: 12pt;\">Caritasov Dnevni centar za stare djeluje u prostorijama Centra za socijalni rad od 2009. godine. \u010cetiri osobe su zaposlene, a broj \u010dlanova je oko 120. Naravno ne mogu svi do\u0107i svaki dan. Dnevno se okupi oko 35 osoba. Neki dolaze samo na organizirane priredbe, predavanja i slavlja. Pru\u017ea im se mogu\u0107nost dru\u017eenja, \u010ditanja \u0161tampe, ru\u010dnih radova, zajedni\u010dke molitve, razmatranja itd. Vi\u0161e puta se uklju\u010de u pripremne radnje narodne kuhinje: \u010diste krumpir, papriku, mrkvu itd. pripremaju zimnicu. Jedna frizerka dolazi volonterski te ih \u0161i\u0161a i pravi jednostavne frizure. Redovito se mjeri pritisak krvi, nivo \u0161e\u0107era u krvi, poma\u017ee im se u nabavci lijekova. Svaki mjesec se zajedno slave ro\u0111endani i imendani, dolazi sve\u0107enik i daje duhovnu utjehu, ispovijed i pri\u010dest. Povremeno se organiziraju balovi, izleti i proslave ve\u0107ih blagdana.<\/span><\/p> <p style=\"text-align: justify;\"><span style=\"text-decoration: underline; font-size: 14pt;\"><strong><span style=\"font-family: 'trebuchet ms', geneva, sans-serif;\">POMO\u0106 SIROMA\u0160NIMA<\/span><\/strong><\/span><\/p> <p style=\"text-align: justify;\"><span style=\"font-family: 'trebuchet ms', geneva, sans-serif; font-size: 12pt;\">Redovito dijelimo odje\u0107u i obu\u0107u, naro\u010dito za djecu. Vodimo ra\u010duna o novoro\u0111en\u010dadi, ponajprije me\u0111u romima. Posredujemo dje\u010dja kolica, namje\u0161taj, ma\u0161ine za pranje. Dajemo na upotrebu bolesni\u010dka kolica, bolni\u010dke krevete, hodalice, \u0161take.<\/span><\/p> <p style=\"text-align: justify;\"><span style=\"font-family: 'trebuchet ms', geneva, sans-serif; font-size: 12pt;\">Od oktobra do aprila, kao dar dobrotvorne organizacije \u201eGute Nachricht\u201c iz Nurnberga, dajemo djeci kruh i mlijeko svaki dan. Poma\u017eemo u nabavci skupljih lijekova tra\u017ee\u0107i donatore.<\/span><\/p> <p style=\"text-align: justify;\"><span style=\"font-family: 'trebuchet ms', geneva, sans-serif; font-size: 12pt;\">Uz podr\u0161ku udru\u017eenja \u017eena iz Belgije i \u201eStepi\u0107 fondacije\u201c iz Austrije 2012. pro\u0161irena je i adaptirana kuhinja, izgra\u0111en magacin i gara\u017ea.<\/span><\/p> <p style=\"text-align: justify;\"><span style=\"font-family: 'trebuchet ms', geneva, sans-serif; font-size: 12pt;\">Djeca, volonteri izra\u0111uju razne ukrasne predmete, koje prodaju i od sakupljenog daruju siroma\u0161noj djeci cipele, \u0161kolski pribor, paket namirnica. U tu akciju se uklju\u010duju i stari u dnevnom centru.<\/span><\/p> <h3>Related Images:<\/h3>","protected":false},"excerpt":{"rendered":"<p>NARODNA KUHINJA Caritas \u017eupe svete Terezije u Senti je otvorio narodnu kuhinju 1990. godine, sa dva zaposlena i voza\u010dem. Za vrijeme \u0161kolske godine se pripravi oko 450 do 500 obroka dnevno. Od toga u tri osnovne \u0161kole 250-300 djece dobiva ru\u010dak, 25-30 \u010dlanova radionice \u201eVjera i svjetlo\u201c a ostali su stariji, ve\u0107inom bolesni, nemo\u0107ni i [&hellip;]<\/p>\n","protected":false},"author":1,"featured_media":0,"parent":96,"menu_order":0,"comment_status":"closed","ping_status":"closed","template":"","meta":{"ngg_post_thumbnail":0,"footnotes":""},"class_list":["post-107","page","type-page","status-publish","hentry"],"_links":{"self":[{"href":"https:\/\/www.caritas-su.org.rs\/index.php?rest_route=\/wp\/v2\/pages\/107","targetHints":{"allow":["GET"]}}],"collection":[{"href":"https:\/\/www.caritas-su.org.rs\/index.php?rest_route=\/wp\/v2\/pages"}],"about":[{"href":"https:\/\/www.caritas-su.org.rs\/index.php?rest_route=\/wp\/v2\/types\/page"}],"author":[{"embeddable":true,"href":"https:\/\/www.caritas-su.org.rs\/index.php?rest_route=\/wp\/v2\/users\/1"}],"replies":[{"embeddable":true,"href":"https:\/\/www.caritas-su.org.rs\/index.php?rest_route=%2Fwp%2Fv2%2Fcomments&post=107"}],"version-history":[{"count":3,"href":"https:\/\/www.caritas-su.org.rs\/index.php?rest_route=\/wp\/v2\/pages\/107\/revisions"}],"predecessor-version":[{"id":521,"href":"https:\/\/www.caritas-su.org.rs\/index.php?rest_route=\/wp\/v2\/pages\/107\/revisions\/521"}],"up":[{"embeddable":true,"href":"https:\/\/www.caritas-su.org.rs\/index.php?rest_route=\/wp\/v2\/pages\/96"}],"wp:attachment":[{"href":"https:\/\/www.caritas-su.org.rs\/index.php?rest_route=%2Fwp%2Fv2%2Fmedia&parent=107"}],"curies":[{"name":"wp","href":"https:\/\/api.w.org\/{rel}","templated":true}]}}