{"id":106,"date":"2013-04-29T23:44:43","date_gmt":"2013-04-29T21:43:59","guid":{"rendered":"http:\/\/www.caritas-su.org.rs\/?page_id=106"},"modified":"2015-05-28T11:14:16","modified_gmt":"2015-05-28T09:14:16","slug":"zenta","status":"publish","type":"page","link":"https:\/\/www.caritas-su.org.rs\/?page_id=106","title":{"rendered":"Senta"},"content":{"rendered":"<p style=\"text-align: justify;\"><span style=\"text-decoration: underline; font-size: 14pt;\"><strong><span style=\"font-family: 'trebuchet ms', geneva, sans-serif;\">ARMENK\u00dcCHE<\/span><\/strong><\/span><\/p> <p style=\"text-align: justify;\"><span style=\"font-size: 12pt; font-family: 'trebuchet ms', geneva, sans-serif;\">Caritas Zenta er\u00f6ffnete ihre Armenk\u00fcche im Jahr 1990, mit zwei angestellten K\u00f6chen, einem Beschaffer-Fahrer und einer Aushilfe als Mitarbeiter. W\u00e4hrend des Schuljahrs bewegt sich die Zahl der \u00a0Portionen zwischen \u00a0450-500 pro Tag. Diese Menge bezieht sich auf drei Grundschulen mit 250-300 Schulkindern, der Rest geht an\u00a0 Erwachsene, hauptsachlich alte und kranke Mitb\u00fcrger. Von diesem Gericht bekommen auch 25-30 Mitglieder der Organisation \u201eGlaube und Licht\u201d, die besondere Behandlung ben\u00f6tigen. Das Mittagessen verteilen, von Anfang an, Freiwillige, zur Zeit sind sie zu sechst.<\/span><\/p> <p style=\"text-align: justify;\"><span style=\"text-decoration: underline; font-size: 14pt;\"><strong><span style=\"font-family: 'trebuchet ms', geneva, sans-serif;\">HAUSPFLEGE UND HAUSHILFE<\/span><\/strong><\/span><\/p> <p style=\"text-align: justify;\"><span style=\"font-size: 12pt; font-family: 'trebuchet ms', geneva, sans-serif;\">Caritas Subotica gr\u00fcndete ihren Hauspflegedienst in Zenta 2008. Mit der Arbeit begann man am 1. Februar 2008. In den Vorbereitungen beteiligten sich die Vertreter der Gemeinde Zenta, ADA, Caritas Linz, Caritas Subotica, das Krankenhaus Zenta und das Sozialamt Zenta.<\/span><\/p> <p style=\"text-align: justify;\"><span style=\"font-size: 12pt; font-family: 'trebuchet ms', geneva, sans-serif;\">ADA und Caritas Linz finanzierten die L\u00f6hne von acht Mitarbeitern zweieinhalb Jahre lang. Die Gemeinde Zenta donierte das B\u00fcro, das als Hauptquartier funktionierte in der N\u00e4he des Zentrums, und bis heute bezahlt sie die Nebenkosten. Die Caritas Zenta \u00fcbernahm die Methode der Hauspflege von Caritas Subotica.<\/span><\/p> <p style=\"text-align: justify;\"><span style=\"font-size: 12pt; font-family: 'trebuchet ms', geneva, sans-serif;\">Der Dienst begann seine Arbeit am 1. Februar 2008 mit 4 Mitarbeitern, die f\u00fcnfzig Bed\u00fcrftigen pflegten, ab 1. Juli 2008 wurden weitere 4 Personen angestellt die noch 50 Bed\u00fcrftige pflegten. Dank des beginnenden Projekts erhielt das B\u00fcro des Dienstes Ausstattung, die Mitarbeiter wurden mit Fahrr\u00e4dern, Regenm\u00e4nteln, Blutdruckmessern, medizinischem Verbrauchsmaterial und Handys ausgestattet.<\/span><\/p> <p style=\"text-align: justify;\"><span style=\"font-size: 12pt; font-family: 'trebuchet ms', geneva, sans-serif;\">Dank einem belgischen Donator bekam der Dienst ein Auto. Damit erreichen die Mitarbeiter sowohl D\u00f6rfer als auch Meiererh\u00f6fe auf dem Territorium von Zenta. Nach zweieinhalb Jahren, ab 30. Juni 2010 \u00fcbernahm die Gemeinde Zenta die H\u00e4lfte der Finanzierung des Dienstes.<\/span><\/p> <p style=\"text-align: justify;\"><span style=\"font-size: 12pt; font-family: 'trebuchet ms', geneva, sans-serif;\">Den Rest der Finanzmittel sicherten sie aus mehreren Quellen, teils aus Projekten des Arbeitsministeriums. Ab 2011 erh\u00f6hte die Gemeinde Zenta bedeutend ihre Donationen, wodurch der Dienst ungest\u00f6rt bis Ende des Jahres arbeiten konnte. Seitdem lebt der Dienst dank der Unterst\u00fctzung der Gemeinde und der Caritas Linz.<\/span><\/p> <p style=\"text-align: justify;\"><span style=\"font-size: 12pt; font-family: 'trebuchet ms', geneva, sans-serif;\">Neben den angestellten Krankenpflegern des Dienstes besuchen\u00a0 auch zwei-drei Freiwillige die Kranken. Sie unterhalten sich mit den ihnen, besorgen Medikamente oder was sie schon brauchen, bringen ihnen Mittagessen, usw. Sie bem\u00fchen sich auch um \u00a0die Menschen, die zu krank oder zu alt sind, in das Zentrum kommen zu k\u00f6nnen.<\/span><\/p> <p style=\"text-align: justify;\"><span style=\"text-decoration: underline; font-size: 14pt;\"><strong><span style=\"font-family: 'trebuchet ms', geneva, sans-serif;\">TAGESHEIM F\u00dcR SENIOREN<\/span><\/strong><\/span><\/p> <p style=\"text-align: justify;\"><span style=\"font-size: 12pt; font-family: 'trebuchet ms', geneva, sans-serif;\">Das Tagesheim f\u00fcr Senioren und Einsamen arbeitet kontinuierlich mit vier Angestellten. Es gibt ca. 120 Personen, die auf der Liste sind. Sinngem\u00e4ss \u00e4ndert dies st\u00e4ndig. T\u00e4glich nehmen 35-40 Personen diesen Dienst des Tagesheimes in Anspruch. Es gibt jedoch auch solche, die nur die Veranstaltungen besuchen.<\/span><\/p> <p style=\"text-align: justify;\"><span style=\"font-size: 12pt; font-family: 'trebuchet ms', geneva, sans-serif;\">Die Bed\u00fcrftigen k\u00f6nnen sich unterhalten, Zeitungen lesen, basteln, an gemeinsamen Beten, und Bibel-lesen teilnehmen. Sie helfen oft auch bei den Vorbereitungen der Volksk\u00fcche. Sie \u00a0bereiten f\u00fcr den K\u00fchlschrank Kohlrabi, Paprika, Gem\u00fcse, Karotten, K\u00fcrbis usw. vor. Ein Freiwilliger kommt regelm\u00e4\u00dfig um die Benutzer des Dienstes zu frisieren. Regelm\u00e4\u00dfig werden Blutdruck, Blutzucker gemessen, Medikamenten besorgt und Eink\u00e4ufe gemacht. Jeden Monat werden die aktuellen Geburtstage und Namenstage gemeinsam gefeiert. Jeden ersten Freitag kommt ein Priester, dann gibt es M\u00f6glichkeit f\u00fcr Beichten und Eucharistie zu sich zu nehmen im Rahmen einer Liturgie. Von Zeit zu Zeit werden B\u00e4lle, Ausfl\u00fcge oder Caritas -Feste organisiert mit der Teilnahme der Alten. Die Finanzierung sichert die Caritas Linz und Selbstverwaltung der Stadt Subotica.<\/span><\/p> <p style=\"text-align: justify;\"><span style=\"text-decoration: underline; font-size: 14pt;\"><strong><span style=\"font-family: 'trebuchet ms', geneva, sans-serif;\">ARMENVERSORGUNG<\/span><\/strong><\/span><\/p> <p style=\"text-align: justify;\"><span style=\"font-size: 12pt; font-family: 'trebuchet ms', geneva, sans-serif;\">Fortlaufend verteilen wir Kleidung, Schuhe und vor allem Kindersachen. Jeder Neugeborene der Bed\u00fcrftigen und Romen wird registriert. Die k\u00f6nnen Kinderwagen, M\u00f6bel, Haushaltsger\u00e4te durch unsere Vermittlung, von Spendern bekommen.<\/span><\/p> <p style=\"text-align: justify;\"><span style=\"font-size: 12pt; font-family: 'trebuchet ms', geneva, sans-serif;\">Fortlaufend verleihen wir Rollst\u00fchle, Laufgitter, Kr\u00fccken, Krankenhausbetten an die Bed\u00fcrftigen.<\/span><\/p> <p style=\"text-align: justify;\"><span style=\"font-size: 12pt; font-family: 'trebuchet ms', geneva, sans-serif;\">Von Oktober bis April versorgen wir, dank der Unterst\u00fctzung der N\u00fcrnberger Hilfsorganisation \u201eGute Nachricht\u201d, die Familien mit Kleinkindern mit Brot und Milch. Je nach Bedarf suchen wir Spender f\u00fcr den Kauf von teureren Medikamenten f\u00fcr Bed\u00fcrftigen.<\/span><\/p> <p style=\"text-align: justify;\"><span style=\"font-size: 12pt; font-family: 'trebuchet ms', geneva, sans-serif;\">Mit der Unterst\u00fctzung der Organisation \u201eEurop\u00e4ische Frauen\u201d, mit Sitz in Belgien, und der Donationen den \u00f6sterreichischen Stiftung Stepi\u0107 wurden im Jahr 2012 die Vorbereitungen f\u00fcr den Bau der K\u00fcche, der Garderobe und Garagen verwirklicht.<\/span><\/p> <p style=\"text-align: justify;\"><span style=\"font-size: 12pt; font-family: 'trebuchet ms', geneva, sans-serif;\">Es gibt einer Initiative von freiwilligen Kindern, die Zierst\u00fccke basteln und an Sonntagen vor Weihnachten und Ostern, sie vor der Kirche verkaufen. Der \u00c4lteren in den Tagesst\u00e4tten helfen auch bei dem Basteln. Das Geld wird um die Unterst\u00fctzung der \u00e4rmsten Kinder verwendet. Kinderschuhe, Lebensmittel-Pakete f\u00fcr Ostern, Schulmaterialien wurden schon f\u00fcr Kinder, die besondere Behandlungsweise ben\u00f6tigen, etc. gekauft.<\/span><\/p> <h3>Related Images:<\/h3>","protected":false},"excerpt":{"rendered":"<p>ARMENK\u00dcCHE Caritas Zenta er\u00f6ffnete ihre Armenk\u00fcche im Jahr 1990, mit zwei angestellten K\u00f6chen, einem Beschaffer-Fahrer und einer Aushilfe als Mitarbeiter. W\u00e4hrend des Schuljahrs bewegt sich die Zahl der \u00a0Portionen zwischen \u00a0450-500 pro Tag. Diese Menge bezieht sich auf drei Grundschulen mit 250-300 Schulkindern, der Rest geht an\u00a0 Erwachsene, hauptsachlich alte und kranke Mitb\u00fcrger. Von diesem [&hellip;]<\/p>\n","protected":false},"author":1,"featured_media":0,"parent":95,"menu_order":0,"comment_status":"closed","ping_status":"closed","template":"","meta":{"ngg_post_thumbnail":0,"footnotes":""},"class_list":["post-106","page","type-page","status-publish","hentry"],"_links":{"self":[{"href":"https:\/\/www.caritas-su.org.rs\/index.php?rest_route=\/wp\/v2\/pages\/106","targetHints":{"allow":["GET"]}}],"collection":[{"href":"https:\/\/www.caritas-su.org.rs\/index.php?rest_route=\/wp\/v2\/pages"}],"about":[{"href":"https:\/\/www.caritas-su.org.rs\/index.php?rest_route=\/wp\/v2\/types\/page"}],"author":[{"embeddable":true,"href":"https:\/\/www.caritas-su.org.rs\/index.php?rest_route=\/wp\/v2\/users\/1"}],"replies":[{"embeddable":true,"href":"https:\/\/www.caritas-su.org.rs\/index.php?rest_route=%2Fwp%2Fv2%2Fcomments&post=106"}],"version-history":[{"count":4,"href":"https:\/\/www.caritas-su.org.rs\/index.php?rest_route=\/wp\/v2\/pages\/106\/revisions"}],"predecessor-version":[{"id":518,"href":"https:\/\/www.caritas-su.org.rs\/index.php?rest_route=\/wp\/v2\/pages\/106\/revisions\/518"}],"up":[{"embeddable":true,"href":"https:\/\/www.caritas-su.org.rs\/index.php?rest_route=\/wp\/v2\/pages\/95"}],"wp:attachment":[{"href":"https:\/\/www.caritas-su.org.rs\/index.php?rest_route=%2Fwp%2Fv2%2Fmedia&parent=106"}],"curies":[{"name":"wp","href":"https:\/\/api.w.org\/{rel}","templated":true}]}}