{"id":105,"date":"2013-04-29T23:44:43","date_gmt":"2013-04-29T21:43:04","guid":{"rendered":"http:\/\/www.caritas-su.org.rs\/?page_id=105"},"modified":"2015-05-28T11:06:33","modified_gmt":"2015-05-28T09:06:33","slug":"zenta","status":"publish","type":"page","link":"https:\/\/www.caritas-su.org.rs\/?page_id=105","title":{"rendered":"Zenta"},"content":{"rendered":"<p style=\"text-align: justify;\"><span style=\"text-decoration: underline; font-size: 14pt;\"><strong><span style=\"font-family: 'trebuchet ms', geneva, sans-serif;\">N\u00c9PKONYHA<\/span><\/strong><\/span><\/p> <p style=\"text-align: justify;\"><span style=\"font-size: 12pt; font-family: 'trebuchet ms', geneva, sans-serif;\">A Zentai Caritas 1990-ben nyitotta meg a n\u00e9pkonyh\u00e1t, amelynek k\u00e9t szak\u00e1cs alkalmazottja van \u00e9s egy \u00f3rab\u00e9res, meg egy beszerz\u0151-sof\u0151r. Iskola\u00e9vben 450-500 k\u00f6z\u00f6tt mozog a napi adagok sz\u00e1ma. Ebb\u0151l a h\u00e1rom elemi iskol\u00e1ban 250-300 gyermek \u00e9tkezik, a t\u00f6bbi feln\u0151tt, z\u00f6m\u00e9vel id\u0151s, beteg szem\u00e9ly. Ebben a 450-500 porci\u00f3ban benne vannak a Hit \u00e9s F\u00e9ny m\u0171helymunk\u00e1j\u00e1n r\u00e9sztvev\u0151 25-30 k\u00fcl\u00f6n\u00f6s b\u00e1n\u00e1sm\u00f3dot ig\u00e9nyl\u0151 szem\u00e9ly is. M\u00e1r a kezdet \u00f3ta \u00f6nk\u00e9ntesek osztj\u00e1k menetrendszer\u0171en a saj\u00e1t beoszt\u00e1suk szerint az eb\u00e9det. Jelenleg hatan l\u00e1tj\u00e1k el ezt a feladatot. A tev\u00e9kenys\u00e9get az \u00d6nkorm\u00e1nyzat, a Caritas Linz, \u00fczemek, v\u00e1llalkoz\u00f3k \u00e9s polg\u00e1rok t\u00e1mogatj\u00e1k.<\/span><\/p> <p style=\"text-align: justify;\"><span style=\"font-size: 12pt; font-family: 'trebuchet ms', geneva, sans-serif;\"><span style=\"text-decoration: underline; font-size: 14pt;\"><strong>H\u00c1ZI \u00c1POL\u00c1S &#8211; \u00c9S KISEG\u00cdT\u00c9S<\/strong><\/span>\u00a0<\/span><\/p> <p style=\"text-align: justify;\"><span style=\"font-size: 12pt; font-family: 'trebuchet ms', geneva, sans-serif;\">A Szabadkai Caritas a h\u00e1zi-\u00e1pol\u00e1si szolg\u00e1lat\u00e1t 2008 elej\u00e9n alap\u00edtotta meg Zenta k\u00f6zs\u00e9g ter\u00fclet\u00e9n. A munka hivatalosan 2008. febru\u00e1r 1-j\u00e9n kezd\u0151d\u00f6tt el.<\/span><\/p> <p style=\"text-align: justify;\"><span style=\"font-size: 12pt; font-family: 'trebuchet ms', geneva, sans-serif;\">A szolg\u00e1lat megszervez\u00e9s\u00e9t el\u0151k\u00e9sz\u00edt\u0151 tev\u00e9kenys\u00e9gben Zenta K\u00f6zs\u00e9g k\u00e9pvisel\u0151i, az Ausztriai Fejleszt\u00e9si \u00dcgyn\u00f6ks\u00e9g (ADA), a Linzi Caritas, a Szabadkai Caritas, a Zentai Eg\u00e9szs\u00e9gh\u00e1z \u00e9s Zenta k\u00f6zs\u00e9g Szoci\u00e1lis Munkak\u00f6zpontja m\u0171k\u00f6dtek egy\u00fctt.<\/span><\/p> <p style=\"text-align: justify;\"><span style=\"font-size: 12pt; font-family: 'trebuchet ms', geneva, sans-serif;\">8 alkalmazott fizet\u00e9s\u00e9t k\u00e9t \u00e9s f\u00e9l \u00e9ven \u00e1t az Ausztriai Fejleszt\u00e9si \u00dcgyn\u00f6ks\u00e9g \u00e9s a Linzi Caritas biztos\u00edtott\u00e1k. Zenta k\u00f6zs\u00e9g biztos\u00edtotta a szolg\u00e1lat sz\u00e9khely\u00e9nek alkalmas irod\u00e1t a v\u00e1ros k\u00f6zpontj\u00e1hoz k\u00f6zel, \u00e9s mind a mai napig a k\u00f6zs\u00e9g fizeti ennek az irod\u00e1nak az \u00f6sszes k\u00f6lts\u00e9g\u00e9t. A Caritas Zent\u00e1n a szabadkai h\u00e1zi-\u00e1pol\u00e1si m\u00f3dszert alkalmazzta.<\/span><\/p> <p style=\"text-align: justify;\"><span style=\"font-size: 12pt; font-family: 'trebuchet ms', geneva, sans-serif;\">A szolg\u00e1lat n\u00e9gy alkalmazottal indult, akik \u00f6tven felhaszn\u00e1l\u00f3t l\u00e1ttak el. 2008. j\u00falius 1-j\u00e9n \u00fajabb n\u00e9gy szem\u00e9lyt alkalmaztak, akik tov\u00e1bbi \u00f6tven r\u00e1szorul\u00f3t \u00e1poltak. A kezd\u0151 projekt j\u00f3volt\u00e1b\u00f3l a szolg\u00e1lat irod\u00e1ja megkapta a sz\u00fcks\u00e9ges felszerel\u00e9st, az alkalmazottakat pedig ker\u00e9kp\u00e1rokkal, es\u0151k\u00f6pennyel, v\u00e9rnyom\u00e1sm\u00e9r\u0151-k\u00e9sz\u00fcl\u00e9kekkel, eg\u00e9szs\u00e9g\u00fcgyi fogy\u00f3eszk\u00f6z\u00f6kkel, mobiltelefonnal l\u00e1tt\u00e1k el. Egy belgiumi adom\u00e1nyoz\u00f3nak k\u00f6sz\u00f6nhet\u0151en a szolg\u00e1lat egy g\u00e9pkocsit is kapott. Az alkalmazottak ezzel jutnak ki a falvakba \u00e9s a tany\u00e1kra Zenta k\u00f6zs\u00e9g ter\u00fclet\u00e9n. K\u00e9t \u00e9s f\u00e9l \u00e9v m\u00falva, 2010. j\u00fanius 30-\u00e1n a szolg\u00e1lat finansz\u00edroz\u00e1s\u00e1nak fel\u00e9t Zenta k\u00f6zs\u00e9g vette \u00e1t. A sz\u00fcks\u00e9ges p\u00e9nzeszk\u00f6z\u00f6ket az \u00e9v v\u00e9g\u00e9ig, r\u00e9szben a v\u00e1rosi k\u00f6lts\u00e9gvet\u00e9sb\u0151l, r\u00e9szben a Szoci\u00e1lpolitikai \u00e9s Munka\u00fcgyi Miniszt\u00e9rium \u00e1ltal ki\u00edrt p\u00e1ly\u00e1zaton nyert \u00f6sszegb\u0151l siker\u00fclt biztos\u00edtani. 2011-ben Zenta K\u00f6zs\u00e9g jelent\u0151sen megn\u00f6velte a szolg\u00e1lat finansz\u00edroz\u00e1s\u00e1t, ezzel a megn\u00f6velt p\u00e9nz\u00fcgyi t\u00e1mogat\u00e1ssal zavartalanul m\u0171k\u00f6dhetett az eg\u00e9sz \u00e9v folyam\u00e1n. Az\u00f3ta Zenta K\u00f6zs\u00e9g \u00e9s a Linzi Caritas t\u00e1mogat\u00e1s\u00e1val m\u0171k\u00f6dik a szolg\u00e1lat.<\/span><\/p> <p style=\"text-align: justify;\"><span style=\"font-size: 12pt; font-family: 'trebuchet ms', geneva, sans-serif;\">Megeml\u00edtend\u0151, hogy az alkalmazott betegl\u00e1togat\u00f3k mellett ketten-h\u00e1rman rendszeresen \u00f6nk\u00e9ntes alapon l\u00e1togatnak. Besz\u00e9lgetnek a betegekkel, beszereznek gy\u00f3gyszert, vagy m\u00e1st, ami sz\u00fcks\u00e9ges, kiviszik az eb\u00e9det stb.<\/span><\/p> <p style=\"text-align: justify;\"><span style=\"text-decoration: underline; font-size: 14pt;\"><strong><span style=\"font-family: 'trebuchet ms', geneva, sans-serif;\">ID\u0150SEK NAPK\u00d6ZIJE<\/span><\/strong><\/span><\/p> <p style=\"text-align: justify;\"><span style=\"font-size: 12pt; font-family: 'trebuchet ms', geneva, sans-serif;\">Az id\u0151sek \u00e9s mag\u00e1nyosok napk\u00f6zije 2004 \u00f3ta m\u0171k\u00f6dik folyamatosan. Ott n\u00e9gy alkalmazott dolgozik, akik kb. 120 szem\u00e9lyr\u0151l gondoskodnak. Ez \u00e9rtelemszer\u0171en \u00e1lland\u00f3an v\u00e1ltozik. Naponta 35-40 szem\u00e9ly veszi ig\u00e9nybe a napk\u00f6zi szolg\u00e1ltat\u00e1sait. Vannak, akik csak a rendezv\u00e9nyekre j\u00f6nnek. T\u00e1rsalg\u00e1si lehet\u0151s\u00e9g van, \u00fajs\u00e1golvas\u00e1s, k\u00e9zimunk\u00e1z\u00e1s, k\u00f6z\u00f6s ima, bibliai elm\u00e9lked\u00e9sek. T\u00f6bb alkalommal bekapcsol\u00f3dnak a n\u00e9pkonyha el\u0151k\u00e9sz\u00edt\u0151 munk\u00e1j\u00e1ba is. Egy \u00f6nk\u00e9ntes j\u00f6n meghat\u00e1rozott id\u0151ben hajat ny\u00edrni, egyszer\u0171 frizur\u00e1t csin\u00e1lni. Rendszeres a v\u00e9rnyom\u00e1sm\u00e9r\u00e9s, v\u00e9rcukorszint m\u00e9r\u00e9s, gy\u00f3gyszerbeszerz\u00e9s, bev\u00e1s\u00e1rl\u00e1s, amit a sof\u0151r-beszerz\u0151 v\u00e9gez el. Minden h\u00f3napban meg\u00fcnneplik a sz\u00fclet\u00e9s \u00e9s n\u00e9vnapokat egyszerre \u00e9s k\u00f6z\u00f6sen. Minden h\u00f3nap els\u0151 p\u00e9ntek\u00e9n j\u00f6n egy lelk\u00e9sz, \u00e9s van gy\u00f3n\u00e1si \u00e9s \u00e1ldoz\u00e1si lehet\u0151s\u00e9g igeliturgia keret\u00e9ben. Id\u0151nk\u00e9nt b\u00e1lokat \u00e9s kir\u00e1ndul\u00e1sokat, vagy Caritas \u00fcnnepeket is szerveznek az id\u0151sek r\u00e9szv\u00e9tel\u00e9vel. A finansz\u00edroz\u00e1st a Caritas Linz \u00e9s a v\u00e1rosi \u00f6nkorm\u00e1nyzat biztos\u00edtja<\/span><\/p> <p style=\"text-align: justify;\"><span style=\"text-decoration: underline; font-size: 14pt;\"><strong><span style=\"font-family: 'trebuchet ms', geneva, sans-serif;\">SZEG\u00c9NYEK SEG\u00cdT\u00c9SE<\/span><\/strong><\/span><\/p> <p style=\"text-align: justify;\"><span style=\"font-size: 12pt; font-family: 'trebuchet ms', geneva, sans-serif;\">Folyamatosan osztunk ruh\u00e1kat, cip\u0151ket, f\u0151k\u00e9ppen gyermekholmit. Sz\u00e1mon tartunk minden \u00fajsz\u00fcl\u00f6ttet a r\u00e1szorul\u00f3k, f\u0151leg rom\u00e1k k\u00f6z\u00f6tt. Gyermekkocsikat, b\u00fatorokat, h\u00e1ztart\u00e1si g\u00e9peket is k\u00f6zvet\u00edt\u00fcnk az adom\u00e1nyoz\u00f3k \u00e9s r\u00e1szorul\u00f3k k\u00f6z\u00f6tt.<\/span><\/p> <p style=\"text-align: justify;\"><span style=\"font-size: 12pt; font-family: 'trebuchet ms', geneva, sans-serif;\">Folyamatosan k\u00f6lcs\u00f6nz\u00fcnk rokkant-kocsikat, j\u00e1r\u00f3k\u00e1kat, mank\u00f3kat, korh\u00e1zi \u00e1gyakat a r\u00e1szorul\u00f3knak.<\/span><\/p> <p style=\"text-align: justify;\"><span style=\"font-size: 12pt; font-family: 'trebuchet ms', geneva, sans-serif;\">Okt\u00f3bert\u0151l \u00e1prilisig, a N\u00fcrnbergi \u201eGute Nachricht\u201d seg\u00e9lyszervezet t\u00e1mogat\u00e1s\u00e1val kenyeret \u00e9s tejet biztos\u00edtunk a kisgyermekes csal\u00e1doknak a gyermekek sz\u00e1m\u00e1t\u00f3l f\u00fcgg\u0151 mennyis\u00e9gben.<\/span><\/p> <p style=\"text-align: justify;\"><span style=\"font-size: 12pt; font-family: 'trebuchet ms', geneva, sans-serif;\">A sz\u00fcks\u00e9g szerint dr\u00e1ga gy\u00f3gyszerek beszerz\u00e9s\u00e9re keres\u00fcnk don\u00e1torokat a r\u00e1szorul\u00f3knak.<\/span><\/p> <p style=\"text-align: justify;\"><span style=\"font-size: 12pt; font-family: 'trebuchet ms', geneva, sans-serif;\">A belgiumi sz\u00e9khely\u0171 eur\u00f3pai n\u0151k egyes\u00fclete t\u00e1mogat\u00e1s\u00e1val, majd az ausztriai t\u00e1mogat\u00e1ssal megval\u00f3sult a konyha b\u0151v\u00edt\u00e9se, a ruharakt\u00e1rnak \u00e9s gar\u00e1zsoknak \u00e9p\u00edt\u00e9se.<\/span><\/p> <p style=\"text-align: justify;\"><span style=\"font-size: 12pt; font-family: 'trebuchet ms', geneva, sans-serif;\">Van egy kezdem\u00e9nyez\u00e9s \u00f6nk\u00e9ntes gyermekekb\u0151l, akik d\u00edszt\u00e1rgyakat k\u00e9sz\u00edtenek \u00e9s kar\u00e1csony \u00e9s h\u00fasv\u00e9t el\u0151tti vas\u00e1rnapokon a templom el\u0151tt \u00e1rulj\u00e1k azokat. Az id\u0151sek a napk\u00f6ziben szint\u00e9n seg\u00edtenek a t\u00e1rgyak k\u00e9zimunk\u00e1z\u00e1s\u00e1ban. A befolyt \u00f6sszeget a legszeg\u00e9nyebb gyermekek t\u00e1mogat\u00e1s\u00e1ra ford\u00edtj\u00e1k. Vettek m\u00e1r cip\u0151t a gyermekeknek, \u00e9lelmiszercsomagot h\u00fasv\u00e9tra, tanszereket a k\u00fcl\u00f6n b\u00e1n\u00e1sm\u00f3dot ig\u00e9nyl\u0151 gyermekeknek, stb.<\/span><\/p> <h3>Related Images:<\/h3>","protected":false},"excerpt":{"rendered":"<p>N\u00c9PKONYHA A Zentai Caritas 1990-ben nyitotta meg a n\u00e9pkonyh\u00e1t, amelynek k\u00e9t szak\u00e1cs alkalmazottja van \u00e9s egy \u00f3rab\u00e9res, meg egy beszerz\u0151-sof\u0151r. Iskola\u00e9vben 450-500 k\u00f6z\u00f6tt mozog a napi adagok sz\u00e1ma. Ebb\u0151l a h\u00e1rom elemi iskol\u00e1ban 250-300 gyermek \u00e9tkezik, a t\u00f6bbi feln\u0151tt, z\u00f6m\u00e9vel id\u0151s, beteg szem\u00e9ly. Ebben a 450-500 porci\u00f3ban benne vannak a Hit \u00e9s F\u00e9ny m\u0171helymunk\u00e1j\u00e1n r\u00e9sztvev\u0151 [&hellip;]<\/p>\n","protected":false},"author":1,"featured_media":0,"parent":93,"menu_order":0,"comment_status":"closed","ping_status":"closed","template":"","meta":{"ngg_post_thumbnail":0,"footnotes":""},"class_list":["post-105","page","type-page","status-publish","hentry"],"_links":{"self":[{"href":"https:\/\/www.caritas-su.org.rs\/index.php?rest_route=\/wp\/v2\/pages\/105","targetHints":{"allow":["GET"]}}],"collection":[{"href":"https:\/\/www.caritas-su.org.rs\/index.php?rest_route=\/wp\/v2\/pages"}],"about":[{"href":"https:\/\/www.caritas-su.org.rs\/index.php?rest_route=\/wp\/v2\/types\/page"}],"author":[{"embeddable":true,"href":"https:\/\/www.caritas-su.org.rs\/index.php?rest_route=\/wp\/v2\/users\/1"}],"replies":[{"embeddable":true,"href":"https:\/\/www.caritas-su.org.rs\/index.php?rest_route=%2Fwp%2Fv2%2Fcomments&post=105"}],"version-history":[{"count":2,"href":"https:\/\/www.caritas-su.org.rs\/index.php?rest_route=\/wp\/v2\/pages\/105\/revisions"}],"predecessor-version":[{"id":513,"href":"https:\/\/www.caritas-su.org.rs\/index.php?rest_route=\/wp\/v2\/pages\/105\/revisions\/513"}],"up":[{"embeddable":true,"href":"https:\/\/www.caritas-su.org.rs\/index.php?rest_route=\/wp\/v2\/pages\/93"}],"wp:attachment":[{"href":"https:\/\/www.caritas-su.org.rs\/index.php?rest_route=%2Fwp%2Fv2%2Fmedia&parent=105"}],"curies":[{"name":"wp","href":"https:\/\/api.w.org\/{rel}","templated":true}]}}