{"id":103,"date":"2013-04-29T23:42:27","date_gmt":"2013-04-29T21:40:27","guid":{"rendered":"http:\/\/www.caritas-su.org.rs\/?page_id=103"},"modified":"2015-09-29T19:15:24","modified_gmt":"2015-09-29T17:15:24","slug":"subotica","status":"publish","type":"page","link":"https:\/\/www.caritas-su.org.rs\/?page_id=103","title":{"rendered":"Subotica"},"content":{"rendered":"<p><strong>POMO<\/strong><strong>\u0106 U KU\u0106I<\/strong><strong> SA ELEMENTIMA BAZI\u010cNE NJEGE<\/strong> \u2013<\/p> <p>Po\u010deci Slu\u017ebe ku\u0107ne njege i pomo\u0107i u ku\u0107i su 2001. i 2002. godina kada je Caritas Linz podr\u017eao pilot projekat te slu\u017ebe. Po\u010detkom 2003. godine je u sklopu nacionalnog projekta, koji je podr\u017eavao Evropski Caritas po\u010deo rad sa 12 terenskih radnika. U obu\u010davanju suradnika za taj plemeniti posao je pomogao Gerontolo\u0161ki centar u Subotici, Evropski Caritas, Caritasverband iz Njema\u010dke i Caritas Linz. Voditelji slu\u017ebe su ulo\u017eili mnogo truda da se ta Slu\u017eba poka\u017ee kao korisna i da zadovolji o\u010dekivanja korisnika, i zahtjeve struke. Od 2007. do 2009. je Slu\u017eba finansirana sa stranje Evropske unije posredstvom Caritasa Njema\u010dke. Od 2010. do 2012 Slu\u017ebu je finansirao BMZ fond Savezne Republike Njema\u010dke.<\/p> <p>Od 2005. godine Slu\u017ebu sufinansira i Uprava grada Subotica. 2009. i 2012 je Grad znatno pove\u0107ao udio u sufinansiranju Slu\u017ebe. Sada finansira rad 8 suradnika Caritasa.<\/p> <p><strong>CARITAS CLUB<\/strong><\/p> <p>Caritas Gorizia je zajedno sa nekoliko biskupijskih Caritas iz Italije je 2001-2002 godine finansirao adaptaciju zgradu mjesne zajednice Novo Selo u Subotici za potrebe Caritas Cluba. Radovi su zavr\u0161eni u martu 2002. i od tada \u017eivi Caritas Club. Od po\u010detka 2003. godine je finansiranje u okviru nacionalnog projekta za stare. Uz organizatora je zaposlena jedna \u010dista\u010dica-servirka, voza\u010d-. Uz njih je sura\u0111ivalo vi\u0161e volontera. \u010clanovi Cluba imaju mogu\u0107nost \u010ditati dnevnu \u0161tampu, gledati TV, sudjelovati u radu raznih kru\u017eoka, kao grupa ru\u010dnog rada, rehabilitacione gimnastike, kora, umjetni\u010dkog kru\u017eoka. Lije\u010dnik tjedno mjeri nivo \u0161e\u0107era u krvi i visinu krvnog pritiska, daje lije\u010dni\u010dke savjete, i jedan duhovnik stoji na raspolaganju. Organiziraju se predavanja u vezi sa \u017eivotom starijih, izleti, balovi, proslava blagdana. Finansiranje je iz nacionalnog projekta, donacijom Caritasa Aosta i Linz. Od 2014. godine radi na volonterskoj osnovi, zbog nedostatka sredstava za pla\u0107u zaposlenih. Grad Subotica besplatno daje prostorije i re\u017eijske tro\u0161kove pokriva.<\/p> <p><strong>Prijevoz starih, bolesnih<\/strong> u ambulante, bolnicu, na rehabilitaciju uz finansiranje sa strane Caritasa Linz organiziramo od septembra 2011. godine.<\/p> <p><strong>Na podru\u010dju borbe protiv bolesti zavisnosti<\/strong> organizirali smo dva projekta. Jedan je seminar: &#8220;Prvi koraci u prevenciji&#8221; za razredne u\u010ditelje, na kojem je sudjelovalo 135 u\u010ditelja. Ovaj projekat je finansiran sredstvima Sz\u00fcl\u0151f\u00f6ld alap iz Ma\u0111arske, Grada Subotica, i \u017eupa iz Neudorfa u Austriji, i doprinosom \u0161kola. U drugom projektu su organizirane radionice za u\u010denike 7. 8. razreda u \u0161kolama u Subotici, a finansiran je na preporuku Savjeta za borbe protiv zavisnosti Grada Subotica sredstvima Grada.<\/p> <p><strong>Za marginizirane mlade<\/strong> smo organizirali kurseve informatike u prostorijama Caritas Cluba. Ovaj projekat je finansiran sa strande Sz\u00fcl\u0151f\u00f6ld alap iz Ma\u0111arske.<\/p> <p><strong>Sakupljanje i dijeljenje<\/strong> odje\u0107e i obu\u0107e, organiziramo stalno, posredujemo \u0161tednjake i namje\u0161taj. Organizirali smo sakupljanja u trgova\u010dkim centrima u Subotici, Senti, Apatinu i Be\u010deju. U \u0161koli Svetozar Markovi\u0107 je organizirano sakupljanje za potrebe siroma\u0161nih povodom dana borbe protiv siroma\u0161tva, i sakupljeno je Caritas proslijedio potrebnima.<\/p> <p><strong>Proslava <\/strong><strong>10. i 20. godi\u0161njice &#8211; <\/strong>20.09. 2012. smo proslavili 20. godi\u0161njicu djelovanja i 10. godi\u0161njicu registracije. Sve\u010dana sjednica je odr\u017eana u sali Nove gradske ku\u0107e.<\/p> <p>Bilo je prisutno oko 110 sudionika. u 14.30 je bio ru\u010dak u blagovaoni Gerontolo\u0161kog centra. Zahvalnu koncelebriranu svetu misu u katedrali Svete Terezije predvodio Msgr. Stanislav Ho\u010devar, nadbiskup i metropolita beogradski, predsjednik nacionalnog Caritasa. Proslava je zavr\u0161ena koncertom crkvene glazbe u katedrali.<\/p> <p>Sa nama su slavili:<\/p> <p>Caritas Evropa, Caritas Linz, Caritas Gorizia, Caritas Aosta, Caritas Alba Iulia, Caritas Srbije, Caritas \u0110akovo, Caritas Pe\u010duj, Caritas Hungarica, Msgr. Stanislav Ho\u010devar, predsjednik Caritasa Srbije, Msgr. J\u00e1nos P\u00e9nzes biskup suboti\u010dki, Pre\u010d. Vladislav Varga, direktor Caritasa Srbije i predstavnici gra\u0111anskog dru\u0161tva i politike.<\/p> <p><strong>Ipa projekat 2013\/14. godine <\/strong><\/p> <p>01.03.2013. je po\u010deo IPA prijekat prekograni\u010dne suradnje sa fondacijom Talentum iz Segedina, sa &#8220;Together is better &#8211; Zajedno je bolje&#8221; naslovom. U okviru projekta smo ja\u010dali suradnju for-profit i non-profit sektora i dru\u0161tveno odgovorno poslovanje poduzetnika. Prva konferencija je odr\u017eana u Segedinu 27. i 28. 09. 2013. uz sudjelovanje 60 osoba. Zaklju\u010dnu konferenciju smo organizirali u Subotici 13. i 14. februara uz suradnju 100 sudionika.<\/p> <p>Prije i poslije prve konferencije\u00a0 smo organizirali susrete NGO i poduzetnika, da upoznaju djelatnost, planove i preferencije drugih, animirali smo ostvarivanje suradnje 3 unutar granica i 3 prekograni\u010dne.<\/p> <p><strong>Fondacija Ba\u010dka<\/strong> poduze\u0107a Phiwa je 2006, 2007. i 2008. godine uvozila i podijelile bo\u017ei\u0107ne paketi\u010de za djecu iz Njema\u010dke uz sudjelovanje Caritasa Suboti\u010dke biskupije, a 2009. je donirala 10 paleta dje\u010dje odje\u0107e, 2010. nova odijela za odrasle. 2012. je u zemlji kupila i darovala 6000 paketica, a 2013. 2500 paketi\u0107a kao bi\u017ei\u0107ni poklon, koji su podijeljeni dijelom u 30 \u017eupa i ve\u0107i dio u institucijama odre\u0111enih gradova.<\/p> <p><strong>Csilla von Boeselager Stiftung<\/strong> iz Njema\u010dke je donator namje\u0161taja kancelarije predsjednika Caritasa, gostinjske sobe u Jozefinumu i kancelarija \u017eupskih Caritas grupa.<\/p> <h3>Related Images:<\/h3>","protected":false},"excerpt":{"rendered":"<p>POMO\u0106 U KU\u0106I SA ELEMENTIMA BAZI\u010cNE NJEGE \u2013 Po\u010deci Slu\u017ebe ku\u0107ne njege i pomo\u0107i u ku\u0107i su 2001. i 2002. godina kada je Caritas Linz podr\u017eao pilot projekat te slu\u017ebe. Po\u010detkom 2003. godine je u sklopu nacionalnog projekta, koji je podr\u017eavao Evropski Caritas po\u010deo rad sa 12 terenskih radnika. U obu\u010davanju suradnika za taj plemeniti [&hellip;]<\/p>\n","protected":false},"author":1,"featured_media":0,"parent":96,"menu_order":0,"comment_status":"closed","ping_status":"closed","template":"","meta":{"ngg_post_thumbnail":0,"footnotes":""},"class_list":["post-103","page","type-page","status-publish","hentry"],"_links":{"self":[{"href":"https:\/\/www.caritas-su.org.rs\/index.php?rest_route=\/wp\/v2\/pages\/103","targetHints":{"allow":["GET"]}}],"collection":[{"href":"https:\/\/www.caritas-su.org.rs\/index.php?rest_route=\/wp\/v2\/pages"}],"about":[{"href":"https:\/\/www.caritas-su.org.rs\/index.php?rest_route=\/wp\/v2\/types\/page"}],"author":[{"embeddable":true,"href":"https:\/\/www.caritas-su.org.rs\/index.php?rest_route=\/wp\/v2\/users\/1"}],"replies":[{"embeddable":true,"href":"https:\/\/www.caritas-su.org.rs\/index.php?rest_route=%2Fwp%2Fv2%2Fcomments&post=103"}],"version-history":[{"count":3,"href":"https:\/\/www.caritas-su.org.rs\/index.php?rest_route=\/wp\/v2\/pages\/103\/revisions"}],"predecessor-version":[{"id":655,"href":"https:\/\/www.caritas-su.org.rs\/index.php?rest_route=\/wp\/v2\/pages\/103\/revisions\/655"}],"up":[{"embeddable":true,"href":"https:\/\/www.caritas-su.org.rs\/index.php?rest_route=\/wp\/v2\/pages\/96"}],"wp:attachment":[{"href":"https:\/\/www.caritas-su.org.rs\/index.php?rest_route=%2Fwp%2Fv2%2Fmedia&parent=103"}],"curies":[{"name":"wp","href":"https:\/\/api.w.org\/{rel}","templated":true}]}}