{"id":126,"date":"2013-04-30T00:25:20","date_gmt":"2013-04-29T21:55:09","guid":{"rendered":"http:\/\/www.caritas-su.org.rs\/?page_id=126"},"modified":"2015-05-28T11:44:10","modified_gmt":"2015-05-28T09:44:10","slug":"becse","status":"publish","type":"page","link":"http:\/\/www.caritas-su.org.rs\/?page_id=126","title":{"rendered":"\u00d3becse"},"content":{"rendered":"<p style=\"text-align: justify;\"><span style=\"font-family: 'trebuchet ms', geneva, sans-serif; font-size: 12pt;\">Gertner Istv\u00e1n becsei k\u00e1ntor v\u00e9grendelet\u00e9ben a Caritas Szabadk\u00e1ra hagyta a sz\u00fcl\u0151i h\u00e1z\u00e1t azzal a felt\u00e9tellel, hogy ott valamilyen szoci\u00e1lis tev\u00e9kenys\u00e9g legyen szervezve. A helyi pl\u00e9b\u00e1nosokkal val\u00f3 t\u00e1rgyal\u00e1s, \u00e9s a K\u00f6zs\u00e9gi Szoci\u00e1lis Szolg\u00e1ltat\u00e1sok Fejleszt\u00e9si Strat\u00e9gi\u00e1j\u00e1nak figyelembe v\u00e9tele ut\u00e1n megsz\u00fcletett a d\u00f6nt\u00e9s: pszichikai \u00e9s\/illetve fizikai s\u00e9r\u00fclt fiatalok r\u00e9sz\u00e9re fog a Caritas napk\u00f6zit nyitni.<\/span><\/p> <p style=\"text-align: justify;\"><span style=\"font-family: 'trebuchet ms', geneva, sans-serif; font-size: 12pt;\">Az aostai Caritas don\u00e1ci\u00f3j\u00e1b\u00f3l a h\u00e1zat az \u00faj rendeltet\u00e9s\u00e9hez adapt\u00e1ltuk. Ki\u00e9p\u00edtett\u00fck a rokkant-kocsiknak a r\u00e1mp\u00e1kat, kialak\u00edtottuk a nagy k\u00f6z\u00f6ss\u00e9gi termet, egy irod\u00e1t, a konyh\u00e1t, m\u0171helyeket, \u00e9s a rokkantak r\u00e9sz\u00e9re is alkalmas toalettet \u00e9s zuhanyz\u00f3t. Az \u00e9p\u00fclet \u00faj v\u00edz, villanyvezet\u00e9keket kapott, illetve g\u00e1zra m\u0171k\u00f6d\u0151 k\u00f6zponti f\u0171t\u00e9st, \u00e9s a tet\u0151 is teljes eg\u00e9sz\u00e9ben fel lett \u00faj\u00edtva.<\/span><\/p> <p style=\"text-align: justify;\"><span style=\"font-family: 'trebuchet ms', geneva, sans-serif; font-size: 12pt;\">A Csilla von Boeselager alap\u00edtv\u00e1ny adom\u00e1nyozta a napk\u00f6zi otthon r\u00e9sz\u00e9re a b\u00fatort \u00e9s a sz\u00fcks\u00e9ges felszerel\u00e9st. Szabadk\u00e1r\u00f3l a becsei napk\u00f6zi rendelkez\u00e9s\u00e9re bocs\u00e1tottunk egy.<\/span><\/p> <p style=\"text-align: justify;\"><span style=\"font-family: 'trebuchet ms', geneva, sans-serif; font-size: 12pt;\">A becsei pl\u00e9b\u00e1nosokkal val\u00f3 konzult\u00e1ci\u00f3n elhat\u00e1roztuk, hogy a napk\u00f6zinek Szent R\u00f3kus legyen a n\u00e9vad\u00f3ja \u00e9s v\u00e9d\u0151szentje.<\/span><\/p> <p style=\"text-align: justify;\"><span style=\"font-family: 'trebuchet ms', geneva, sans-serif; font-size: 12pt;\">A Szent R\u00f3kus s\u00e9r\u00fcltek napk\u00f6zije 2009. okt\u00f3ber 10-\u00e9n kezdte meg a munk\u00e1j\u00e1t a Lelki Eg\u00e9szs\u00e9g Vil\u00e1gnapj\u00e1n. A napk\u00f6ziben kett\u0151 vagy h\u00e1rom Caritas munkat\u00e1rs van \u00e9s 15-20 gondozott. 2013-ban m\u00e1r csak \u00f6nk\u00e9ntes alapon m\u0171k\u00f6d\u00f6tt a napk\u00f6zi, mert nem tal\u00e1ltunk t\u00e1mogat\u00f3t a munkat\u00e1rsak fizet\u00e9s\u00e9re.<\/span><\/p> <p style=\"text-align: justify;\"><span style=\"font-family: 'trebuchet ms', geneva, sans-serif; font-size: 12pt;\">Az id\u0151sek sz\u00e1ll\u00edt\u00e1s\u00e1t az orvoshoz, k\u00f3rh\u00e1zba, rehabilit\u00e1ci\u00f3ra 2011 szeptember\u00e9ben kezdt\u00fck meg az osztr\u00e1k Caritas Linz t\u00e1mogat\u00e1s\u00e1val. Az \u00e9v v\u00e9g\u00e9ig 368 fuvar lett megval\u00f3s\u00edtva.<\/span><\/p> <p style=\"text-align: justify;\"><span style=\"font-family: 'trebuchet ms', geneva, sans-serif; font-size: 12pt;\">F\u00fcgg\u0151s\u00e9gi betegs\u00e9gek elleni harc 2011-ben k\u00e9t projektumon kereszt\u00fcl val\u00f3sult meg. Egyik volt az \u201eEls\u0151 l\u00e9p\u00e9s a prevenci\u00f3ban\u201d nev\u0171 tanfolyam, amelyen 135 oszt\u00e1lytan\u00edt\u00f3 vett r\u00e9szt. Ezt a projektet t\u00e1mogatta a Sz\u00fcl\u0151f\u00f6ld alap, Szabadka v\u00e1rosa, Neudorfi pl\u00e9b\u00e1nia \u00e9s maguk az iskol\u00e1k is. M\u00e1sik projektum pedig az \u00e1ltal\u00e1nos iskol\u00e1kban ker\u00fclt megrendez\u00e9sre a Szabadka v\u00e1ros f\u00fcgg\u0151s\u00e9gi betegs\u00e9gek ellen k\u00fczd\u0151 tan\u00e1cs\u00e1nak d\u00f6nt\u00e9s\u00e9vel \u00e9s anyagi t\u00e1mogat\u00e1s\u00e1val \u00f6sszhangban.<\/span><\/p> <p style=\"text-align: justify;\"><span style=\"font-family: 'trebuchet ms', geneva, sans-serif; font-size: 12pt;\">A peremre szorult fiatalok r\u00e9sz\u00e9re szervezett sz\u00e1m\u00edt\u00f3g\u00e9pes tanfolyamon 11 fiatal vett r\u00e9szt. Ezt az aktivit\u00e1st, illetve a felszerel\u00e9s egy r\u00e9sz\u00e9nek beszerz\u00e9s\u00e9t a Sz\u00fcl\u0151f\u00f6ld Alap t\u00e1mogatta.<\/span><\/p> <p style=\"text-align: justify;\"><span style=\"font-family: 'trebuchet ms', geneva, sans-serif; font-size: 12pt;\">Az eg\u00e9sz \u00e9v folyam\u00e1n tartott az \u00e9lelmiszer, ruha, l\u00e1bbeli, b\u00fator \u00e9s t\u0171zhelyek gy\u0171jt\u00e9se \u00e9s adom\u00e1nyoz\u00e1sa. A KTC bev\u00e1s\u00e1rl\u00f3k\u00f6zpontban H\u00fasv\u00e9ti \u00e9s Kar\u00e1csonyi gy\u0171jt\u00e9seket szervezt\u00fcnk Szabadk\u00e1n, Zent\u00e1n, \u00d3becs\u00e9n \u00e9s Apatinban. A szabadkai Svetozar Markovi\u0107 gimn\u00e1zium pedig a szeg\u00e9nyek vil\u00e1gnapj\u00e1ra szervezett \u00e9lelmiszergy\u0171jt\u00e9st, amelyet eg\u00e9sz\u00e9ben \u00e1tadtak szervezet\u00fcnknek, hogy kiosszuk a r\u00e1szorultaknak.<\/span><\/p> <h3>Related Images:<\/h3>","protected":false},"excerpt":{"rendered":"<p>Gertner Istv\u00e1n becsei k\u00e1ntor v\u00e9grendelet\u00e9ben a Caritas Szabadk\u00e1ra hagyta a sz\u00fcl\u0151i h\u00e1z\u00e1t azzal a felt\u00e9tellel, hogy ott valamilyen szoci\u00e1lis tev\u00e9kenys\u00e9g legyen szervezve. A helyi pl\u00e9b\u00e1nosokkal val\u00f3 t\u00e1rgyal\u00e1s, \u00e9s a K\u00f6zs\u00e9gi Szoci\u00e1lis Szolg\u00e1ltat\u00e1sok Fejleszt\u00e9si Strat\u00e9gi\u00e1j\u00e1nak figyelembe v\u00e9tele ut\u00e1n megsz\u00fcletett a d\u00f6nt\u00e9s: pszichikai \u00e9s\/illetve fizikai s\u00e9r\u00fclt fiatalok r\u00e9sz\u00e9re fog a Caritas napk\u00f6zit nyitni. Az aostai Caritas don\u00e1ci\u00f3j\u00e1b\u00f3l [&hellip;]<\/p>\n","protected":false},"author":1,"featured_media":0,"parent":93,"menu_order":0,"comment_status":"closed","ping_status":"closed","template":"","meta":{"ngg_post_thumbnail":0,"footnotes":""},"class_list":["post-126","page","type-page","status-publish","hentry"],"_links":{"self":[{"href":"http:\/\/www.caritas-su.org.rs\/index.php?rest_route=\/wp\/v2\/pages\/126","targetHints":{"allow":["GET"]}}],"collection":[{"href":"http:\/\/www.caritas-su.org.rs\/index.php?rest_route=\/wp\/v2\/pages"}],"about":[{"href":"http:\/\/www.caritas-su.org.rs\/index.php?rest_route=\/wp\/v2\/types\/page"}],"author":[{"embeddable":true,"href":"http:\/\/www.caritas-su.org.rs\/index.php?rest_route=\/wp\/v2\/users\/1"}],"replies":[{"embeddable":true,"href":"http:\/\/www.caritas-su.org.rs\/index.php?rest_route=%2Fwp%2Fv2%2Fcomments&post=126"}],"version-history":[{"count":4,"href":"http:\/\/www.caritas-su.org.rs\/index.php?rest_route=\/wp\/v2\/pages\/126\/revisions"}],"predecessor-version":[{"id":539,"href":"http:\/\/www.caritas-su.org.rs\/index.php?rest_route=\/wp\/v2\/pages\/126\/revisions\/539"}],"up":[{"embeddable":true,"href":"http:\/\/www.caritas-su.org.rs\/index.php?rest_route=\/wp\/v2\/pages\/93"}],"wp:attachment":[{"href":"http:\/\/www.caritas-su.org.rs\/index.php?rest_route=%2Fwp%2Fv2%2Fmedia&parent=126"}],"curies":[{"name":"wp","href":"https:\/\/api.w.org\/{rel}","templated":true}]}}